{"id":714,"date":"2018-09-27T17:58:29","date_gmt":"2018-09-27T15:58:29","guid":{"rendered":"https:\/\/www.aptunion.com\/?page_id=714"},"modified":"2021-03-29T10:40:32","modified_gmt":"2021-03-29T08:40:32","slug":"glaces-produits-glaces-aptunion","status":"publish","type":"page","link":"https:\/\/www.aptunion.com\/fr\/glaces-produits-glaces-aptunion\/","title":{"rendered":"Glaces"},"content":{"rendered":"<p>[et_pb_section fb_built=\u00a0\u00bb1&Prime; _builder_version=\u00a0\u00bb3.22&Prime; custom_padding=\u00a0\u00bb40px|0px|40px|0px|false|false\u00a0\u00bb][et_pb_row _builder_version=\u00a0\u00bb3.25&Prime; background_size=\u00a0\u00bbinitial\u00a0\u00bb background_position=\u00a0\u00bbtop_left\u00a0\u00bb background_repeat=\u00a0\u00bbrepeat\u00a0\u00bb][et_pb_column type=\u00a0\u00bb4_4&Prime; _builder_version=\u00a0\u00bb3.25&Prime; custom_padding=\u00a0\u00bb|||\u00a0\u00bb custom_padding__hover=\u00a0\u00bb|||\u00a0\u00bb][et_pb_text admin_label=\u00a0\u00bbTitle\u00a0\u00bb _builder_version=\u00a0\u00bb3.27.4&Prime; header_2_font=\u00a0\u00bbMontserrat|600||on|||||\u00a0\u00bb header_2_text_align=\u00a0\u00bbcenter\u00a0\u00bb header_2_font_size=\u00a0\u00bb30px\u00a0\u00bb custom_margin=\u00a0\u00bb||5px|\u00a0\u00bb animation_style=\u00a0\u00bbslide\u00a0\u00bb animation_direction=\u00a0\u00bbtop\u00a0\u00bb animation_intensity_slide=\u00a0\u00bb20%\u00a0\u00bb animation_starting_opacity=\u00a0\u00bb100%\u00a0\u00bb saved_tabs=\u00a0\u00bball\u00a0\u00bb]<\/p>\n<h2>Glaces<\/h2>\n<p>[\/et_pb_text][et_pb_divider divider_weight=\u00a0\u00bb3px\u00a0\u00bb _builder_version=\u00a0\u00bb3.7&Prime; max_width=\u00a0\u00bb83px\u00a0\u00bb module_alignment=\u00a0\u00bbcenter\u00a0\u00bb animation_style=\u00a0\u00bbslide\u00a0\u00bb animation_intensity_slide=\u00a0\u00bb20%\u00a0\u00bb animation_starting_opacity=\u00a0\u00bb100%\u00a0\u00bb hover_enabled=\u00a0\u00bb0&Prime; saved_tabs=\u00a0\u00bball\u00a0\u00bb sticky_enabled=\u00a0\u00bb0&Prime;]\u00a0[\/et_pb_divider][et_pb_text _builder_version=\u00a0\u00bb4.9.2&Prime; text_font_size=\u00a0\u00bb16px\u00a0\u00bb text_line_height=\u00a0\u00bb1.8em\u00a0\u00bb hover_enabled=\u00a0\u00bb0&Prime; text_font_size_tablet=\u00a0\u00bb14px\u00a0\u00bb text_font_size_phone=\u00a0\u00bb\u00a0\u00bb text_font_size_last_edited=\u00a0\u00bbon|desktop\u00a0\u00bb sticky_enabled=\u00a0\u00bb0&Prime;]<\/p>\n<p>Les produits glac\u00e9s sont reconnus pour leur douceur, leur qualit\u00e9 et leur image haut de gamme. La glace peut \u00eatre consomm\u00e9e lors d&rsquo;une occasion sp\u00e9ciale ou simplement pour le plaisir gustatif. Le d\u00e9veloppement du segment est accompagn\u00e9 par des <strong>inclusions\/d\u00e9corations originales, de bonne qualit\u00e9 et attractives, afin d&rsquo;\u00e9veiller les sens du consommateur.<\/strong><\/p>\n<p>Nous travaillons en collaboration avec les principaux fabricants de glace (industriels et artisans) cr\u00e9ant des fruits confits\/semi-confits, des <strong>c\u0153urs de fruits<\/strong> et des <strong>p\u00e9pites aux fruits<\/strong> de qualit\u00e9 pour des applications telles que les c\u00f4nes de glace, les desserts glac\u00e9s et autres.<\/p>\n<p>&nbsp;<\/p>\n\n\t\t<!-- MasterSlider -->\n\t\t<div id=\"P_MS69f2eec19ce02\" class=\"master-slider-parent msl ms-parent-id-5\" style=\"max-width:800px;\">\n\n\t\t\t\n\t\t\t<!-- MasterSlider Main -->\n\t\t\t<div id=\"MS69f2eec19ce02\" class=\"master-slider ms-skin-default\" >\n\t\t\t\t \t\t\t\t \n\t\t\t\t<div  class=\"ms-slide\" data-delay=\"3\" data-fill-mode=\"fit\"  >\n\t\t\t\t\t<img decoding=\"async\" src=\"https:\/\/www.aptunion.com\/wp-content\/plugins\/master-slider\/public\/assets\/css\/blank.gif\" alt=\"\" title=\"\" data-src=\"https:\/\/www.aptunion.com\/wp-content\/uploads\/2021\/03\/sorbet-cerises.jpg\" \/>\n\n\t\t\t\t\t<div class=\"ms-info\"><h1 style=\"text-align: center;\"><strong><br \/>SORBET AUX FRUITS ROUGES<\/strong><\/h1><h4 style=\"text-align: center;\"><br \/>Quantit\u00e9 : <strong>4 personnes\u00a0<\/strong><\/h4><p><br \/><strong>Ingr\u00e9dients :<\/strong><\/p><p>500 ml pur\u00e9e de griotte<br \/>50 g cerises amarena<br \/>125 g sucre<br \/>12 cl d'eau<br \/>1\/4 citron press\u00e9<br \/>1 sorbeti\u00e8re<br \/><br \/><strong>Recette :<\/strong><\/p>1. M\u00e9langez la pur\u00e9e de griotte avec le jus de citron press\u00e9.<br \/>2. Dans une casserole, pr\u00e9parez le sirop en portant \u00e0 \u00e9bullition l'eau et le sucre, puis laissez refroidir.<br \/>3. M\u00e9langez les cerises amarena au sirop puis ajoutez la pur\u00e9e de griotte au jus de citron. Disposez le tout dans une sorbeti\u00e8re.<br \/>4. Formez ensuite des boules, puis servez \u00e0 la coupe avec des fruits frais ou des cerises Amarena.<\/div>\n\n\n\t<div class=\"ms-thumb\" ><div class=\"ms-tab-context\"><div class=\"&quot;ms-tab-context&quot;\"><\/div><\/div>\n<\/div>\n\t\t\t\t<\/div>\n\t\t\t\t<div  class=\"ms-slide\" data-delay=\"3\" data-fill-mode=\"fit\"  >\n\t\t\t\t\t<img decoding=\"async\" src=\"https:\/\/www.aptunion.com\/wp-content\/plugins\/master-slider\/public\/assets\/css\/blank.gif\" alt=\"\" title=\"\" data-src=\"https:\/\/www.aptunion.com\/wp-content\/uploads\/2021\/03\/mini_glace-choco-menthe-1.jpg\" \/>\n\n\t\t\t\t\t<div class=\"ms-info\"><h1 style=\"text-align: center;\"><strong><br \/>GLACE CHOCOLAT CITRON VERT<\/strong><\/h1><h4 style=\"text-align: center;\"><br \/>Quantit\u00e9 : <strong>6 personnes<\/strong><\/h4><p><br \/><strong>Ingr\u00e9dients :<\/strong><\/p><p>150 g chocolat noir p\u00e2tissier<br \/>45 cl lait<br \/>4 jaunes d'\u0153ufs<br \/>100 g sucre<br \/>60 g p\u00e9pites citron vert<br \/>Sorbeti\u00e8re<br \/><br \/><br \/><strong>Recette :<\/strong><\/p><p>1. Hachez le chocolat avec un couteau et mettez-le dans un saladier.<br \/>2. Battez les jaunes d'\u0153ufs\u00a0 et le sucre dans une casserole \u00e0 fond \u00e9pais jusqu'\u00e0 ce que le m\u00e9lange blanchisse.<br \/>3. Portez le lait \u00e0 \u00e9bullition et incorporez-le au chocolat en m\u00e9langeant bien avec une cuill\u00e8re en bois.<br \/>4. Versez le lait chocolat\u00e9 sur les jaunes d'\u0153uf.<br \/>5. Posez la casserole sur feu doux et laissez cuire en remuant sans arr\u00eat avec une cuill\u00e8re en bois jusqu'\u00e0 ce que le m\u00e9lange \u00e9paississe. l\u00e9g\u00e8rement sans faire bouillir ce m\u00e9lange. Il doit atteindre 85\u00b0 C.<br \/>6. Laissez refroidir puis r\u00e9servez la cr\u00e8me au chocolat au r\u00e9frig\u00e9rateur pendant 3 h.<br \/>7. Versez ensuite la cr\u00e8me dans la sorbeti\u00e8re avec les p\u00e9pites de citron vert et turbinez pendant 30 \u00e0 40 minutes.<br \/>8. Versez ensuite la glace dans un r\u00e9cipient et laissez prendre au cong\u00e9lateur pendant 2 \u00e0 3 h avant de d\u00e9guster.<\/p><p>\u00a0<\/p><\/div>\n\n\n\t<div class=\"ms-thumb\" ><div class=\"ms-tab-context\"><div class=\"&quot;ms-tab-context&quot;\"><\/div><\/div>\n<\/div>\n\t\t\t\t<\/div>\n\n\t\t\t<\/div>\n\t\t\t<!-- END MasterSlider Main -->\n\n\t\t\t \n\t\t<\/div>\n\t\t<!-- END MasterSlider -->\n\n\t\t<script>\n\t\t(function ( $ ) {\n\t\t\t\"use strict\";\n\n\t\t\t$(function () {\n\t\t\t\tvar masterslider_ce02 = new MasterSlider();\n\n\t\t\t\t\/\/ slider controls\n\t\t\t\tmasterslider_ce02.control('arrows'     ,{ autohide:false, overVideo:true  });\t\t\t\tmasterslider_ce02.control('bullets'    ,{ autohide:false, overVideo:true, dir:'h', align:'bottom' , margin:-20  });\n\n\t\t\t\tmasterslider_ce02.control('slideinfo'  ,{ autohide:false, overVideo:true, dir:'h', align:'bottom',inset:false , margin:10   });\n\t\t\t\t\/\/ slider setup\n\t\t\t\tmasterslider_ce02.setup(\"MS69f2eec19ce02\", {\n\t\t\t\t\t\twidth           : 800,\n\t\t\t\t\t\theight          : 480,\n\t\t\t\t\t\tminHeight       : 0,\n\t\t\t\t\t\tspace           : 0,\n\t\t\t\t\t\tstart           : 1,\n\t\t\t\t\t\tgrabCursor      : true,\n\t\t\t\t\t\tswipe           : true,\n\t\t\t\t\t\tmouse           : true,\n\t\t\t\t\t\tlayout          : \"boxed\",\n\t\t\t\t\t\twheel           : false,\n\t\t\t\t\t\tautoplay        : false,\n\t\t\t\t\t\tinstantStartLayers:false,\n\t\t\t\t\t\tloop            : false,\n\t\t\t\t\t\tshuffle         : false,\n\t\t\t\t\t\tpreload         : 0,\n\t\t\t\t\t\theightLimit     : true,\n\t\t\t\t\t\tautoHeight      : false,\n\t\t\t\t\t\tsmoothHeight    : true,\n\t\t\t\t\t\tendPause        : false,\n\t\t\t\t\t\toverPause       : true,\n\t\t\t\t\t\tfillMode        : \"fill\",\n\t\t\t\t\t\tcenterControls  : true,\n\t\t\t\t\t\tstartOnAppear   : false,\n\t\t\t\t\t\tlayersMode      : \"center\",\n\t\t\t\t\t\thideLayers      : false,\n\t\t\t\t\t\tfullscreenMargin: 0,\n\t\t\t\t\t\tspeed           : 20,\n\t\t\t\t\t\tdir             : \"h\",\n\t\t\t\t\t\tparallaxMode    : 'swipe',\n\t\t\t\t\t\tview            : \"basic\"\n\t\t\t\t});\n\n\t\t\t\t\n\t\t\t\twindow.masterslider_instances = window.masterslider_instances || [];\n\t\t\t\twindow.masterslider_instances.push( masterslider_ce02 );\n\t\t\t });\n\n\t\t})(jQuery);\n\t\t<\/script>\n\n\n<p>[\/et_pb_text][\/et_pb_column][\/et_pb_row][\/et_pb_section]<\/p>\n","protected":false},"excerpt":{"rendered":"<p>Glaces\u00a0Les produits glac\u00e9s sont reconnus pour leur douceur, leur qualit\u00e9 et leur image haut de gamme. La glace peut \u00eatre consomm\u00e9e lors d&rsquo;une occasion sp\u00e9ciale ou simplement pour le plaisir gustatif. Le d\u00e9veloppement du segment est accompagn\u00e9 par des inclusions\/d\u00e9corations originales, de bonne qualit\u00e9 et attractives, afin d&rsquo;\u00e9veiller les sens du consommateur. Nous travaillons en [&hellip;]<\/p>\n","protected":false},"author":1,"featured_media":0,"parent":0,"menu_order":0,"comment_status":"closed","ping_status":"closed","template":"","meta":{"_et_pb_use_builder":"on","_et_pb_old_content":"","_et_gb_content_width":"","footnotes":""},"class_list":["post-714","page","type-page","status-publish","hentry"],"yoast_head":"<!-- This site is optimized with the Yoast SEO plugin v27.4 - https:\/\/yoast.com\/product\/yoast-seo-wordpress\/ -->\n<title>Glaces - produits glac\u00e9s - qualit\u00e9 &amp; recette - Aptunion<\/title>\n<meta name=\"description\" content=\"Les produits glac\u00e9s sont reconnus pour leur douceur et leur qualit\u00e9. inclusions originales et attractives, afin d\u2019\u00e9veiller les sens du consommateur. Glaces.\" \/>\n<meta name=\"robots\" content=\"index, follow, max-snippet:-1, max-image-preview:large, max-video-preview:-1\" \/>\n<link rel=\"canonical\" href=\"https:\/\/www.aptunion.com\/fr\/glaces-produits-glaces-aptunion\/\" \/>\n<meta property=\"og:locale\" content=\"fr_FR\" \/>\n<meta property=\"og:type\" content=\"article\" \/>\n<meta property=\"og:title\" content=\"Glaces - produits glac\u00e9s - qualit\u00e9 &amp; recette - Aptunion\" \/>\n<meta property=\"og:description\" content=\"Les produits glac\u00e9s sont reconnus pour leur douceur et leur qualit\u00e9. inclusions originales et attractives, afin d\u2019\u00e9veiller les sens du consommateur. Glaces.\" \/>\n<meta property=\"og:url\" content=\"https:\/\/www.aptunion.com\/fr\/glaces-produits-glaces-aptunion\/\" \/>\n<meta property=\"og:site_name\" content=\"Aptunion\" \/>\n<meta property=\"article:modified_time\" content=\"2021-03-29T08:40:32+00:00\" \/>\n<meta name=\"twitter:card\" content=\"summary_large_image\" \/>\n<meta name=\"twitter:label1\" content=\"Dur\u00e9e de lecture estim\u00e9e\" \/>\n\t<meta name=\"twitter:data1\" content=\"1 minute\" \/>\n<script type=\"application\/ld+json\" class=\"yoast-schema-graph\">{\"@context\":\"https:\\\/\\\/schema.org\",\"@graph\":[{\"@type\":\"WebPage\",\"@id\":\"https:\\\/\\\/www.aptunion.com\\\/fr\\\/glaces-produits-glaces-aptunion\\\/\",\"url\":\"https:\\\/\\\/www.aptunion.com\\\/fr\\\/glaces-produits-glaces-aptunion\\\/\",\"name\":\"Glaces - produits glac\u00e9s - qualit\u00e9 & recette - Aptunion\",\"isPartOf\":{\"@id\":\"https:\\\/\\\/www.aptunion.com\\\/#website\"},\"datePublished\":\"2018-09-27T15:58:29+00:00\",\"dateModified\":\"2021-03-29T08:40:32+00:00\",\"description\":\"Les produits glac\u00e9s sont reconnus pour leur douceur et leur qualit\u00e9. inclusions originales et attractives, afin d\u2019\u00e9veiller les sens du consommateur. Glaces.\",\"breadcrumb\":{\"@id\":\"https:\\\/\\\/www.aptunion.com\\\/fr\\\/glaces-produits-glaces-aptunion\\\/#breadcrumb\"},\"inLanguage\":\"fr-FR\",\"potentialAction\":[{\"@type\":\"ReadAction\",\"target\":[\"https:\\\/\\\/www.aptunion.com\\\/fr\\\/glaces-produits-glaces-aptunion\\\/\"]}]},{\"@type\":\"BreadcrumbList\",\"@id\":\"https:\\\/\\\/www.aptunion.com\\\/fr\\\/glaces-produits-glaces-aptunion\\\/#breadcrumb\",\"itemListElement\":[{\"@type\":\"ListItem\",\"position\":1,\"name\":\"Accueil\",\"item\":\"https:\\\/\\\/www.aptunion.com\\\/fr\\\/\"},{\"@type\":\"ListItem\",\"position\":2,\"name\":\"Glaces\"}]},{\"@type\":\"WebSite\",\"@id\":\"https:\\\/\\\/www.aptunion.com\\\/#website\",\"url\":\"https:\\\/\\\/www.aptunion.com\\\/\",\"name\":\"Aptunion\",\"description\":\"Producteur d&#039;inclusions gourmandes\",\"publisher\":{\"@id\":\"https:\\\/\\\/www.aptunion.com\\\/#organization\"},\"potentialAction\":[{\"@type\":\"SearchAction\",\"target\":{\"@type\":\"EntryPoint\",\"urlTemplate\":\"https:\\\/\\\/www.aptunion.com\\\/?s={search_term_string}\"},\"query-input\":{\"@type\":\"PropertyValueSpecification\",\"valueRequired\":true,\"valueName\":\"search_term_string\"}}],\"inLanguage\":\"fr-FR\"},{\"@type\":\"Organization\",\"@id\":\"https:\\\/\\\/www.aptunion.com\\\/#organization\",\"name\":\"Aptunion Industrie\",\"alternateName\":\"Aptunion\",\"url\":\"https:\\\/\\\/www.aptunion.com\\\/\",\"logo\":{\"@type\":\"ImageObject\",\"inLanguage\":\"fr-FR\",\"@id\":\"https:\\\/\\\/www.aptunion.com\\\/#\\\/schema\\\/logo\\\/image\\\/\",\"url\":\"https:\\\/\\\/www.aptunion.com\\\/wp-content\\\/uploads\\\/2018\\\/06\\\/favicon-aptunion.png\",\"contentUrl\":\"https:\\\/\\\/www.aptunion.com\\\/wp-content\\\/uploads\\\/2018\\\/06\\\/favicon-aptunion.png\",\"width\":350,\"height\":350,\"caption\":\"Aptunion Industrie\"},\"image\":{\"@id\":\"https:\\\/\\\/www.aptunion.com\\\/#\\\/schema\\\/logo\\\/image\\\/\"}}]}<\/script>\n<!-- \/ Yoast SEO plugin. -->","yoast_head_json":{"title":"Glaces - produits glac\u00e9s - qualit\u00e9 & recette - Aptunion","description":"Les produits glac\u00e9s sont reconnus pour leur douceur et leur qualit\u00e9. inclusions originales et attractives, afin d\u2019\u00e9veiller les sens du consommateur. Glaces.","robots":{"index":"index","follow":"follow","max-snippet":"max-snippet:-1","max-image-preview":"max-image-preview:large","max-video-preview":"max-video-preview:-1"},"canonical":"https:\/\/www.aptunion.com\/fr\/glaces-produits-glaces-aptunion\/","og_locale":"fr_FR","og_type":"article","og_title":"Glaces - produits glac\u00e9s - qualit\u00e9 & recette - Aptunion","og_description":"Les produits glac\u00e9s sont reconnus pour leur douceur et leur qualit\u00e9. inclusions originales et attractives, afin d\u2019\u00e9veiller les sens du consommateur. Glaces.","og_url":"https:\/\/www.aptunion.com\/fr\/glaces-produits-glaces-aptunion\/","og_site_name":"Aptunion","article_modified_time":"2021-03-29T08:40:32+00:00","twitter_card":"summary_large_image","twitter_misc":{"Dur\u00e9e de lecture estim\u00e9e":"1 minute"},"schema":{"@context":"https:\/\/schema.org","@graph":[{"@type":"WebPage","@id":"https:\/\/www.aptunion.com\/fr\/glaces-produits-glaces-aptunion\/","url":"https:\/\/www.aptunion.com\/fr\/glaces-produits-glaces-aptunion\/","name":"Glaces - produits glac\u00e9s - qualit\u00e9 & recette - Aptunion","isPartOf":{"@id":"https:\/\/www.aptunion.com\/#website"},"datePublished":"2018-09-27T15:58:29+00:00","dateModified":"2021-03-29T08:40:32+00:00","description":"Les produits glac\u00e9s sont reconnus pour leur douceur et leur qualit\u00e9. inclusions originales et attractives, afin d\u2019\u00e9veiller les sens du consommateur. Glaces.","breadcrumb":{"@id":"https:\/\/www.aptunion.com\/fr\/glaces-produits-glaces-aptunion\/#breadcrumb"},"inLanguage":"fr-FR","potentialAction":[{"@type":"ReadAction","target":["https:\/\/www.aptunion.com\/fr\/glaces-produits-glaces-aptunion\/"]}]},{"@type":"BreadcrumbList","@id":"https:\/\/www.aptunion.com\/fr\/glaces-produits-glaces-aptunion\/#breadcrumb","itemListElement":[{"@type":"ListItem","position":1,"name":"Accueil","item":"https:\/\/www.aptunion.com\/fr\/"},{"@type":"ListItem","position":2,"name":"Glaces"}]},{"@type":"WebSite","@id":"https:\/\/www.aptunion.com\/#website","url":"https:\/\/www.aptunion.com\/","name":"Aptunion","description":"Producteur d&#039;inclusions gourmandes","publisher":{"@id":"https:\/\/www.aptunion.com\/#organization"},"potentialAction":[{"@type":"SearchAction","target":{"@type":"EntryPoint","urlTemplate":"https:\/\/www.aptunion.com\/?s={search_term_string}"},"query-input":{"@type":"PropertyValueSpecification","valueRequired":true,"valueName":"search_term_string"}}],"inLanguage":"fr-FR"},{"@type":"Organization","@id":"https:\/\/www.aptunion.com\/#organization","name":"Aptunion Industrie","alternateName":"Aptunion","url":"https:\/\/www.aptunion.com\/","logo":{"@type":"ImageObject","inLanguage":"fr-FR","@id":"https:\/\/www.aptunion.com\/#\/schema\/logo\/image\/","url":"https:\/\/www.aptunion.com\/wp-content\/uploads\/2018\/06\/favicon-aptunion.png","contentUrl":"https:\/\/www.aptunion.com\/wp-content\/uploads\/2018\/06\/favicon-aptunion.png","width":350,"height":350,"caption":"Aptunion Industrie"},"image":{"@id":"https:\/\/www.aptunion.com\/#\/schema\/logo\/image\/"}}]}},"_links":{"self":[{"href":"https:\/\/www.aptunion.com\/fr\/wp-json\/wp\/v2\/pages\/714","targetHints":{"allow":["GET"]}}],"collection":[{"href":"https:\/\/www.aptunion.com\/fr\/wp-json\/wp\/v2\/pages"}],"about":[{"href":"https:\/\/www.aptunion.com\/fr\/wp-json\/wp\/v2\/types\/page"}],"author":[{"embeddable":true,"href":"https:\/\/www.aptunion.com\/fr\/wp-json\/wp\/v2\/users\/1"}],"replies":[{"embeddable":true,"href":"https:\/\/www.aptunion.com\/fr\/wp-json\/wp\/v2\/comments?post=714"}],"version-history":[{"count":10,"href":"https:\/\/www.aptunion.com\/fr\/wp-json\/wp\/v2\/pages\/714\/revisions"}],"predecessor-version":[{"id":2816,"href":"https:\/\/www.aptunion.com\/fr\/wp-json\/wp\/v2\/pages\/714\/revisions\/2816"}],"wp:attachment":[{"href":"https:\/\/www.aptunion.com\/fr\/wp-json\/wp\/v2\/media?parent=714"}],"curies":[{"name":"wp","href":"https:\/\/api.w.org\/{rel}","templated":true}]}}