{"id":697,"date":"2018-09-27T17:42:19","date_gmt":"2018-09-27T15:42:19","guid":{"rendered":"https:\/\/www.aptunion.com\/?page_id=697"},"modified":"2021-03-30T10:54:36","modified_gmt":"2021-03-30T08:54:36","slug":"cereales","status":"publish","type":"page","link":"https:\/\/www.aptunion.com\/fr\/cereales\/","title":{"rendered":"C\u00e9r\u00e9ales"},"content":{"rendered":"<p>[et_pb_section fb_built=\u00a0\u00bb1&Prime; _builder_version=\u00a0\u00bb3.22&Prime; custom_padding=\u00a0\u00bb40px|0px|40px|0px|false|false\u00a0\u00bb][et_pb_row _builder_version=\u00a0\u00bb3.25&Prime; background_size=\u00a0\u00bbinitial\u00a0\u00bb background_position=\u00a0\u00bbtop_left\u00a0\u00bb background_repeat=\u00a0\u00bbrepeat\u00a0\u00bb][et_pb_column type=\u00a0\u00bb4_4&Prime; _builder_version=\u00a0\u00bb3.25&Prime; custom_padding=\u00a0\u00bb|||\u00a0\u00bb custom_padding__hover=\u00a0\u00bb|||\u00a0\u00bb][et_pb_text admin_label=\u00a0\u00bbTitle\u00a0\u00bb _builder_version=\u00a0\u00bb4.9.2&Prime; header_2_font=\u00a0\u00bbMontserrat|600||on|||||\u00a0\u00bb header_2_text_align=\u00a0\u00bbcenter\u00a0\u00bb header_2_font_size=\u00a0\u00bb30px\u00a0\u00bb custom_margin=\u00a0\u00bb||5px|\u00a0\u00bb animation_style=\u00a0\u00bbslide\u00a0\u00bb animation_direction=\u00a0\u00bbtop\u00a0\u00bb animation_intensity_slide=\u00a0\u00bb20%\u00a0\u00bb animation_starting_opacity=\u00a0\u00bb100%\u00a0\u00bb hover_enabled=\u00a0\u00bb0&Prime; saved_tabs=\u00a0\u00bball\u00a0\u00bb sticky_enabled=\u00a0\u00bb0&Prime;]<\/p>\n<h2>C\u00e9r\u00e9ales\u00a0<\/h2>\n<p>[\/et_pb_text][et_pb_divider divider_weight=\u00a0\u00bb3px\u00a0\u00bb _builder_version=\u00a0\u00bb3.7&Prime; max_width=\u00a0\u00bb83px\u00a0\u00bb module_alignment=\u00a0\u00bbcenter\u00a0\u00bb animation_style=\u00a0\u00bbslide\u00a0\u00bb animation_intensity_slide=\u00a0\u00bb20%\u00a0\u00bb animation_starting_opacity=\u00a0\u00bb100%\u00a0\u00bb hover_enabled=\u00a0\u00bb0&Prime; saved_tabs=\u00a0\u00bball\u00a0\u00bb sticky_enabled=\u00a0\u00bb0&Prime;]\u00a0[\/et_pb_divider][et_pb_text _builder_version=\u00a0\u00bb4.9.2&Prime; text_font_size=\u00a0\u00bb16px\u00a0\u00bb text_line_height=\u00a0\u00bb1.8em\u00a0\u00bb text_font_size_tablet=\u00a0\u00bb14px\u00a0\u00bb text_font_size_phone=\u00a0\u00bb\u00a0\u00bb text_font_size_last_edited=\u00a0\u00bbon|desktop\u00a0\u00bb]<\/p>\n<p>Le rituel du matin se transforme, port\u00e9 par l\u2019\u00e9volution des modes de vie et les enjeux socio-\u00e9conomiques. Afin d&rsquo;\u00eatre en ad\u00e9quation avec cette tendance, les industriels ont d\u00e9velopp\u00e9 de nouvelles gammes apportant plus qu&rsquo;un apport en c\u00e9r\u00e9ales, un apport en fruits. <strong>Nous avons la capacit\u00e9 de fournir des inclusions de fruits ayant un taux d&rsquo;humidit\u00e9 et une activit\u00e9 de l&rsquo;eau contr\u00f4l\u00e9e.<\/strong><\/p>\n<p>Ces gammes de produits, les <strong>c\u0153urs de fruits<\/strong> et les <strong>p\u00e9pites aux fruits<\/strong>, sont donc id\u00e9ales pour les applications dans les c\u00e9r\u00e9ales, le muesli, les barres de fruits ou barres \u00e9nergisantes, les muffins, les crumbles, les petits d\u00e9jeuners froids ou chauds \u00e0 base de c\u00e9r\u00e9ales.<\/p>\n<p>&nbsp;<\/p>\n\n\t\t<!-- MasterSlider -->\n\t\t<div id=\"P_MS69e8fe1eb218a\" class=\"master-slider-parent msl ms-parent-id-3\" style=\"max-width:800px;\">\n\n\t\t\t\n\t\t\t<!-- MasterSlider Main -->\n\t\t\t<div id=\"MS69e8fe1eb218a\" class=\"master-slider ms-skin-default\" >\n\t\t\t\t \t\t\t\t \n\t\t\t\t<div  class=\"ms-slide\" data-delay=\"3\" data-fill-mode=\"center\"  >\n\t\t\t\t\t<img decoding=\"async\" src=\"https:\/\/www.aptunion.com\/wp-content\/plugins\/master-slider\/public\/assets\/css\/blank.gif\" alt=\"\" title=\"\" data-src=\"https:\/\/www.aptunion.com\/wp-content\/uploads\/2021\/03\/mini_aptunion-application-2500-Modifier-1.jpg\" \/>\n\n\t\t\t\t\t<div class=\"ms-info\"><h1 style=\"text-align: center;\"><strong><br \/>BARRES DE CEREALES<\/strong><\/h1><p>\u00a0<\/p><h4 style=\"text-align: center;\">Quantit\u00e9 : <strong>8 barres de c\u00e9r\u00e9ales<\/strong><\/h4><p>\u00a0<\/p><p><strong>Ingr\u00e9dients :<\/strong><\/p><p>75 g de flocons d\u2019avoine<br \/>25 g de quinoa ou graines de lin ou chia<br \/>60 g de p\u00e9pites framboises (ou orange, cranberries, \u2026)<br \/>1 c.\u00e0.c de coco r\u00e2p\u00e9e<br \/>50 g de fruits secs type amandes, noix de p\u00e9can ou pistaches \u00e0 hacher<br \/>75 g de sirop d\u2019agave ou miel<br \/>30 g de beurre de coco ou beurre normal<br \/>1 cuill\u00e8re \u00e0 caf\u00e9 de sucre vanill\u00e9 ou de cannelle<br \/><br \/><strong>Recette :<\/strong><\/p><p>1. Pr\u00e9chauffez votre four \u00e0 175\u00b0C.<br \/>2. Dans une casserole, faites fondre le beurre, le sirop d\u2019agave ou le miel, et le sucre vanill\u00e9.<br \/>3. Dans un bol, m\u00e9langez les flocons d\u2019avoine, le quinoa ou autres graines, les p\u00e9pites et les fruits secs que<br \/>vous devez hacher au pr\u00e9alable.<br \/>4. Ajoutez alors le m\u00e9lange liquide, et m\u00e9langez bien avec une spatule.<br \/>5. Mettez la pr\u00e9paration soit dans des moules \u00e0 financiers, \u00e0 muffins ou encore faites des formes avec un<br \/>emporte-pi\u00e8ce en tassant bien.<br \/>6. Passez au four entre 10 et 20 minutes, selon votre pr\u00e9f\u00e9rence si vous souhaitez des barres dor\u00e9es ou non.<br \/>7. Laissez-les refroidir \u00e0 temp\u00e9rature ambiante puis passez-les alors imp\u00e9rativement au cong\u00e9lateur 15<br \/>minutes ou au frigo 1 heure. Apr\u00e8s refroidissement, laissez les barres \u00e0 l\u2019air libre.<\/p><\/div>\n\n\n\t<div class=\"ms-thumb\" ><div class=\"ms-tab-context\"><div class=\"&quot;ms-tab-context&quot;\"><\/div><\/div>\n<\/div>\n\t\t\t\t<\/div>\n\t\t\t\t<div  class=\"ms-slide\" data-delay=\"3\" data-fill-mode=\"fit\"  >\n\t\t\t\t\t<img decoding=\"async\" src=\"https:\/\/www.aptunion.com\/wp-content\/plugins\/master-slider\/public\/assets\/css\/blank.gif\" alt=\"\" title=\"\" data-src=\"https:\/\/www.aptunion.com\/wp-content\/uploads\/2018\/09\/Recette-Cereales-1.jpg\" \/>\n\n\t\t\t\t\t<div class=\"ms-info\"><h1 style=\"text-align: center;\"><strong><br \/>MUESLI<\/strong><\/h1><h4 style=\"text-align: center;\"><br \/><br \/>Quantit\u00e9 : <strong>6 personnes<br \/><br \/><br \/><\/strong><\/h4><p><strong>Ingr\u00e9dients :<\/strong><\/p><p>150 g de flocons d\u2019avoine<br \/>30 g de noix de p\u00e9can\u00a0<br \/>1 cuill\u00e8re \u00e0 soupe de s\u00e9same<br \/>3-4 cuill\u00e8res \u00e0 soupe de miel liquide<br \/>60 g de compote de pomme<br \/>60 g de p\u00e9pites de chocolat<br \/>3-4 cuill\u00e8res \u00e0 soupe de cacao<br \/>20 g de p\u00e9pites abricot<br \/><br \/><strong>Recette :<\/strong><\/p>1. M\u00e9langez les flocons d\u2019avoine, les noix de p\u00e9can, les p\u00e9pites abricot et le s\u00e9same.<br \/>2. Ajoutez le miel, la compote et le cacao.<br \/>3. D\u00e9posez le tout dans un plat \u00e0 gratin assez grand. Etalez et tassez \u00e0 la main pour former une couche mince de muesli.<br \/>4. Faites cuire de 40 min \u00e0 1 h dans un four \u00e0 170\u00b0C. Surveillez la cuisson.<br \/>5. Lorsque le m\u00e9lange est sec et l\u00e9g\u00e8rement dor\u00e9, concassez-le puis ajoutez les p\u00e9pites de chocolat. Quand il sera totalement refroidi, gardez-le dans une boite herm\u00e9tique.<\/div>\n\n\n\t<div class=\"ms-thumb\" ><div class=\"ms-tab-context\"><div class=\"&quot;ms-tab-context&quot;\"><\/div><\/div>\n<\/div>\n\t\t\t\t<\/div>\n\n\t\t\t<\/div>\n\t\t\t<!-- END MasterSlider Main -->\n\n\t\t\t \n\t\t<\/div>\n\t\t<!-- END MasterSlider -->\n\n\t\t<script>\n\t\t(function ( $ ) {\n\t\t\t\"use strict\";\n\n\t\t\t$(function () {\n\t\t\t\tvar masterslider_218a = new MasterSlider();\n\n\t\t\t\t\/\/ slider controls\n\t\t\t\tmasterslider_218a.control('arrows'     ,{ autohide:false, overVideo:true  });\t\t\t\tmasterslider_218a.control('bullets'    ,{ autohide:false, overVideo:true, dir:'h', align:'bottom' , margin:-20  });\n\n\t\t\t\tmasterslider_218a.control('slideinfo'  ,{ autohide:false, overVideo:true, dir:'h', align:'bottom',inset:false , margin:10   });\n\t\t\t\t\/\/ slider setup\n\t\t\t\tmasterslider_218a.setup(\"MS69e8fe1eb218a\", {\n\t\t\t\t\t\twidth           : 800,\n\t\t\t\t\t\theight          : 480,\n\t\t\t\t\t\tminHeight       : 0,\n\t\t\t\t\t\tspace           : 0,\n\t\t\t\t\t\tstart           : 1,\n\t\t\t\t\t\tgrabCursor      : true,\n\t\t\t\t\t\tswipe           : true,\n\t\t\t\t\t\tmouse           : true,\n\t\t\t\t\t\tlayout          : \"boxed\",\n\t\t\t\t\t\twheel           : false,\n\t\t\t\t\t\tautoplay        : false,\n\t\t\t\t\t\tinstantStartLayers:false,\n\t\t\t\t\t\tloop            : false,\n\t\t\t\t\t\tshuffle         : false,\n\t\t\t\t\t\tpreload         : 0,\n\t\t\t\t\t\theightLimit     : true,\n\t\t\t\t\t\tautoHeight      : false,\n\t\t\t\t\t\tsmoothHeight    : true,\n\t\t\t\t\t\tendPause        : false,\n\t\t\t\t\t\toverPause       : true,\n\t\t\t\t\t\tfillMode        : \"fill\",\n\t\t\t\t\t\tcenterControls  : true,\n\t\t\t\t\t\tstartOnAppear   : false,\n\t\t\t\t\t\tlayersMode      : \"center\",\n\t\t\t\t\t\thideLayers      : false,\n\t\t\t\t\t\tfullscreenMargin: 0,\n\t\t\t\t\t\tspeed           : 20,\n\t\t\t\t\t\tdir             : \"h\",\n\t\t\t\t\t\tparallaxMode    : 'swipe',\n\t\t\t\t\t\tview            : \"basic\"\n\t\t\t\t});\n\n\t\t\t\t\n\t\t\t\twindow.masterslider_instances = window.masterslider_instances || [];\n\t\t\t\twindow.masterslider_instances.push( masterslider_218a );\n\t\t\t });\n\n\t\t})(jQuery);\n\t\t<\/script>\n\n\n<p>[\/et_pb_text][\/et_pb_column][\/et_pb_row][\/et_pb_section]<\/p>\n","protected":false},"excerpt":{"rendered":"<p>C\u00e9r\u00e9ales\u00a0\u00a0Le rituel du matin se transforme, port\u00e9 par l\u2019\u00e9volution des modes de vie et les enjeux socio-\u00e9conomiques. Afin d&rsquo;\u00eatre en ad\u00e9quation avec cette tendance, les industriels ont d\u00e9velopp\u00e9 de nouvelles gammes apportant plus qu&rsquo;un apport en c\u00e9r\u00e9ales, un apport en fruits. Nous avons la capacit\u00e9 de fournir des inclusions de fruits ayant un taux d&rsquo;humidit\u00e9 [&hellip;]<\/p>\n","protected":false},"author":1,"featured_media":0,"parent":0,"menu_order":0,"comment_status":"closed","ping_status":"closed","template":"","meta":{"_et_pb_use_builder":"on","_et_pb_old_content":"","_et_gb_content_width":"","footnotes":""},"class_list":["post-697","page","type-page","status-publish","hentry"],"yoast_head":"<!-- This site is optimized with the Yoast SEO plugin v27.4 - https:\/\/yoast.com\/product\/yoast-seo-wordpress\/ -->\n<title>C\u00e9r\u00e9ales - Aptunion - Indutrie<\/title>\n<meta name=\"description\" content=\"C\u00e9r\u00e9ales. Nous avons la capacit\u00e9 de fournir des inclusions de fruits ayant un taux d\u2019humidit\u00e9 et une activit\u00e9 de l\u2019eau contr\u00f4l\u00e9e.\" \/>\n<meta name=\"robots\" content=\"index, follow, max-snippet:-1, max-image-preview:large, max-video-preview:-1\" \/>\n<link rel=\"canonical\" href=\"https:\/\/www.aptunion.com\/fr\/cereales\/\" \/>\n<meta property=\"og:locale\" content=\"fr_FR\" \/>\n<meta property=\"og:type\" content=\"article\" \/>\n<meta property=\"og:title\" content=\"C\u00e9r\u00e9ales - Aptunion - Indutrie\" \/>\n<meta property=\"og:description\" content=\"C\u00e9r\u00e9ales. Nous avons la capacit\u00e9 de fournir des inclusions de fruits ayant un taux d\u2019humidit\u00e9 et une activit\u00e9 de l\u2019eau contr\u00f4l\u00e9e.\" \/>\n<meta property=\"og:url\" content=\"https:\/\/www.aptunion.com\/fr\/cereales\/\" \/>\n<meta property=\"og:site_name\" content=\"Aptunion\" \/>\n<meta property=\"article:modified_time\" content=\"2021-03-30T08:54:36+00:00\" \/>\n<meta name=\"twitter:card\" content=\"summary_large_image\" \/>\n<meta name=\"twitter:label1\" content=\"Dur\u00e9e de lecture estim\u00e9e\" \/>\n\t<meta name=\"twitter:data1\" content=\"1 minute\" \/>\n<script type=\"application\/ld+json\" class=\"yoast-schema-graph\">{\"@context\":\"https:\\\/\\\/schema.org\",\"@graph\":[{\"@type\":\"WebPage\",\"@id\":\"https:\\\/\\\/www.aptunion.com\\\/fr\\\/cereales\\\/\",\"url\":\"https:\\\/\\\/www.aptunion.com\\\/fr\\\/cereales\\\/\",\"name\":\"C\u00e9r\u00e9ales - Aptunion - Indutrie\",\"isPartOf\":{\"@id\":\"https:\\\/\\\/www.aptunion.com\\\/#website\"},\"datePublished\":\"2018-09-27T15:42:19+00:00\",\"dateModified\":\"2021-03-30T08:54:36+00:00\",\"description\":\"C\u00e9r\u00e9ales. Nous avons la capacit\u00e9 de fournir des inclusions de fruits ayant un taux d\u2019humidit\u00e9 et une activit\u00e9 de l\u2019eau contr\u00f4l\u00e9e.\",\"breadcrumb\":{\"@id\":\"https:\\\/\\\/www.aptunion.com\\\/fr\\\/cereales\\\/#breadcrumb\"},\"inLanguage\":\"fr-FR\",\"potentialAction\":[{\"@type\":\"ReadAction\",\"target\":[\"https:\\\/\\\/www.aptunion.com\\\/fr\\\/cereales\\\/\"]}]},{\"@type\":\"BreadcrumbList\",\"@id\":\"https:\\\/\\\/www.aptunion.com\\\/fr\\\/cereales\\\/#breadcrumb\",\"itemListElement\":[{\"@type\":\"ListItem\",\"position\":1,\"name\":\"Accueil\",\"item\":\"https:\\\/\\\/www.aptunion.com\\\/fr\\\/\"},{\"@type\":\"ListItem\",\"position\":2,\"name\":\"C\u00e9r\u00e9ales\"}]},{\"@type\":\"WebSite\",\"@id\":\"https:\\\/\\\/www.aptunion.com\\\/#website\",\"url\":\"https:\\\/\\\/www.aptunion.com\\\/\",\"name\":\"Aptunion\",\"description\":\"Producteur d&#039;inclusions gourmandes\",\"publisher\":{\"@id\":\"https:\\\/\\\/www.aptunion.com\\\/#organization\"},\"potentialAction\":[{\"@type\":\"SearchAction\",\"target\":{\"@type\":\"EntryPoint\",\"urlTemplate\":\"https:\\\/\\\/www.aptunion.com\\\/?s={search_term_string}\"},\"query-input\":{\"@type\":\"PropertyValueSpecification\",\"valueRequired\":true,\"valueName\":\"search_term_string\"}}],\"inLanguage\":\"fr-FR\"},{\"@type\":\"Organization\",\"@id\":\"https:\\\/\\\/www.aptunion.com\\\/#organization\",\"name\":\"Aptunion Industrie\",\"alternateName\":\"Aptunion\",\"url\":\"https:\\\/\\\/www.aptunion.com\\\/\",\"logo\":{\"@type\":\"ImageObject\",\"inLanguage\":\"fr-FR\",\"@id\":\"https:\\\/\\\/www.aptunion.com\\\/#\\\/schema\\\/logo\\\/image\\\/\",\"url\":\"https:\\\/\\\/www.aptunion.com\\\/wp-content\\\/uploads\\\/2018\\\/06\\\/favicon-aptunion.png\",\"contentUrl\":\"https:\\\/\\\/www.aptunion.com\\\/wp-content\\\/uploads\\\/2018\\\/06\\\/favicon-aptunion.png\",\"width\":350,\"height\":350,\"caption\":\"Aptunion Industrie\"},\"image\":{\"@id\":\"https:\\\/\\\/www.aptunion.com\\\/#\\\/schema\\\/logo\\\/image\\\/\"}}]}<\/script>\n<!-- \/ Yoast SEO plugin. -->","yoast_head_json":{"title":"C\u00e9r\u00e9ales - Aptunion - Indutrie","description":"C\u00e9r\u00e9ales. Nous avons la capacit\u00e9 de fournir des inclusions de fruits ayant un taux d\u2019humidit\u00e9 et une activit\u00e9 de l\u2019eau contr\u00f4l\u00e9e.","robots":{"index":"index","follow":"follow","max-snippet":"max-snippet:-1","max-image-preview":"max-image-preview:large","max-video-preview":"max-video-preview:-1"},"canonical":"https:\/\/www.aptunion.com\/fr\/cereales\/","og_locale":"fr_FR","og_type":"article","og_title":"C\u00e9r\u00e9ales - Aptunion - Indutrie","og_description":"C\u00e9r\u00e9ales. Nous avons la capacit\u00e9 de fournir des inclusions de fruits ayant un taux d\u2019humidit\u00e9 et une activit\u00e9 de l\u2019eau contr\u00f4l\u00e9e.","og_url":"https:\/\/www.aptunion.com\/fr\/cereales\/","og_site_name":"Aptunion","article_modified_time":"2021-03-30T08:54:36+00:00","twitter_card":"summary_large_image","twitter_misc":{"Dur\u00e9e de lecture estim\u00e9e":"1 minute"},"schema":{"@context":"https:\/\/schema.org","@graph":[{"@type":"WebPage","@id":"https:\/\/www.aptunion.com\/fr\/cereales\/","url":"https:\/\/www.aptunion.com\/fr\/cereales\/","name":"C\u00e9r\u00e9ales - Aptunion - Indutrie","isPartOf":{"@id":"https:\/\/www.aptunion.com\/#website"},"datePublished":"2018-09-27T15:42:19+00:00","dateModified":"2021-03-30T08:54:36+00:00","description":"C\u00e9r\u00e9ales. Nous avons la capacit\u00e9 de fournir des inclusions de fruits ayant un taux d\u2019humidit\u00e9 et une activit\u00e9 de l\u2019eau contr\u00f4l\u00e9e.","breadcrumb":{"@id":"https:\/\/www.aptunion.com\/fr\/cereales\/#breadcrumb"},"inLanguage":"fr-FR","potentialAction":[{"@type":"ReadAction","target":["https:\/\/www.aptunion.com\/fr\/cereales\/"]}]},{"@type":"BreadcrumbList","@id":"https:\/\/www.aptunion.com\/fr\/cereales\/#breadcrumb","itemListElement":[{"@type":"ListItem","position":1,"name":"Accueil","item":"https:\/\/www.aptunion.com\/fr\/"},{"@type":"ListItem","position":2,"name":"C\u00e9r\u00e9ales"}]},{"@type":"WebSite","@id":"https:\/\/www.aptunion.com\/#website","url":"https:\/\/www.aptunion.com\/","name":"Aptunion","description":"Producteur d&#039;inclusions gourmandes","publisher":{"@id":"https:\/\/www.aptunion.com\/#organization"},"potentialAction":[{"@type":"SearchAction","target":{"@type":"EntryPoint","urlTemplate":"https:\/\/www.aptunion.com\/?s={search_term_string}"},"query-input":{"@type":"PropertyValueSpecification","valueRequired":true,"valueName":"search_term_string"}}],"inLanguage":"fr-FR"},{"@type":"Organization","@id":"https:\/\/www.aptunion.com\/#organization","name":"Aptunion Industrie","alternateName":"Aptunion","url":"https:\/\/www.aptunion.com\/","logo":{"@type":"ImageObject","inLanguage":"fr-FR","@id":"https:\/\/www.aptunion.com\/#\/schema\/logo\/image\/","url":"https:\/\/www.aptunion.com\/wp-content\/uploads\/2018\/06\/favicon-aptunion.png","contentUrl":"https:\/\/www.aptunion.com\/wp-content\/uploads\/2018\/06\/favicon-aptunion.png","width":350,"height":350,"caption":"Aptunion Industrie"},"image":{"@id":"https:\/\/www.aptunion.com\/#\/schema\/logo\/image\/"}}]}},"_links":{"self":[{"href":"https:\/\/www.aptunion.com\/fr\/wp-json\/wp\/v2\/pages\/697","targetHints":{"allow":["GET"]}}],"collection":[{"href":"https:\/\/www.aptunion.com\/fr\/wp-json\/wp\/v2\/pages"}],"about":[{"href":"https:\/\/www.aptunion.com\/fr\/wp-json\/wp\/v2\/types\/page"}],"author":[{"embeddable":true,"href":"https:\/\/www.aptunion.com\/fr\/wp-json\/wp\/v2\/users\/1"}],"replies":[{"embeddable":true,"href":"https:\/\/www.aptunion.com\/fr\/wp-json\/wp\/v2\/comments?post=697"}],"version-history":[{"count":18,"href":"https:\/\/www.aptunion.com\/fr\/wp-json\/wp\/v2\/pages\/697\/revisions"}],"predecessor-version":[{"id":2903,"href":"https:\/\/www.aptunion.com\/fr\/wp-json\/wp\/v2\/pages\/697\/revisions\/2903"}],"wp:attachment":[{"href":"https:\/\/www.aptunion.com\/fr\/wp-json\/wp\/v2\/media?parent=697"}],"curies":[{"name":"wp","href":"https:\/\/api.w.org\/{rel}","templated":true}]}}