{"id":685,"date":"2018-09-27T17:26:15","date_gmt":"2018-09-27T15:26:15","guid":{"rendered":"https:\/\/www.aptunion.com\/?page_id=685"},"modified":"2023-10-25T11:41:38","modified_gmt":"2023-10-25T09:41:38","slug":"confiseries-chocolat-aptunion","status":"publish","type":"page","link":"https:\/\/www.aptunion.com\/fr\/confiseries-chocolat-aptunion\/","title":{"rendered":"Chocolat"},"content":{"rendered":"<p>[et_pb_section fb_built=\u00a0\u00bb1&Prime; _builder_version=\u00a0\u00bb4.16&Prime; custom_padding=\u00a0\u00bb40px|0px|40px|0px|false|false\u00a0\u00bb global_colors_info=\u00a0\u00bb{}\u00a0\u00bb][et_pb_row _builder_version=\u00a0\u00bb4.16&Prime; background_size=\u00a0\u00bbinitial\u00a0\u00bb background_position=\u00a0\u00bbtop_left\u00a0\u00bb background_repeat=\u00a0\u00bbrepeat\u00a0\u00bb global_colors_info=\u00a0\u00bb{}\u00a0\u00bb][et_pb_column type=\u00a0\u00bb4_4&Prime; _builder_version=\u00a0\u00bb4.16&Prime; custom_padding=\u00a0\u00bb|||\u00a0\u00bb global_colors_info=\u00a0\u00bb{}\u00a0\u00bb custom_padding__hover=\u00a0\u00bb|||\u00a0\u00bb][et_pb_text admin_label=\u00a0\u00bbTitle\u00a0\u00bb _builder_version=\u00a0\u00bb4.16&Prime; header_2_font=\u00a0\u00bbMontserrat|600||on|||||\u00a0\u00bb header_2_text_align=\u00a0\u00bbcenter\u00a0\u00bb header_2_font_size=\u00a0\u00bb30px\u00a0\u00bb custom_margin=\u00a0\u00bb||5px|\u00a0\u00bb animation_style=\u00a0\u00bbslide\u00a0\u00bb animation_direction=\u00a0\u00bbtop\u00a0\u00bb animation_intensity_slide=\u00a0\u00bb20%\u00a0\u00bb animation_starting_opacity=\u00a0\u00bb100%\u00a0\u00bb saved_tabs=\u00a0\u00bball\u00a0\u00bb global_colors_info=\u00a0\u00bb{}\u00a0\u00bb]<\/p>\n<h2>Chocolat<\/h2>\n<p>[\/et_pb_text][et_pb_divider divider_weight=\u00a0\u00bb3px\u00a0\u00bb _builder_version=\u00a0\u00bb4.16&Prime; max_width=\u00a0\u00bb83px\u00a0\u00bb module_alignment=\u00a0\u00bbcenter\u00a0\u00bb animation_style=\u00a0\u00bbslide\u00a0\u00bb animation_intensity_slide=\u00a0\u00bb20%\u00a0\u00bb animation_starting_opacity=\u00a0\u00bb100%\u00a0\u00bb saved_tabs=\u00a0\u00bball\u00a0\u00bb global_colors_info=\u00a0\u00bb{}\u00a0\u00bb][\/et_pb_divider][et_pb_text _builder_version=\u00a0\u00bb4.16&Prime; text_font_size=\u00a0\u00bb16px\u00a0\u00bb text_line_height=\u00a0\u00bb1.8em\u00a0\u00bb text_font_size_tablet=\u00a0\u00bb14px\u00a0\u00bb text_font_size_phone=\u00a0\u00bb\u00a0\u00bb text_font_size_last_edited=\u00a0\u00bbon|desktop\u00a0\u00bb global_colors_info=\u00a0\u00bb{}\u00a0\u00bb]<\/p>\n<p style=\"text-align: justify;\">\u00a0 Qu\u2019il soit au lait, noir, blanc, aux noisettes ou aux fruits, le chocolat reste l&rsquo;une des confiseries les plus appr\u00e9ci\u00e9es. Ce march\u00e9 stable se valorise toutefois avec l\u2019apparition de confiseries <strong>de grande qualit\u00e9 contenant des fruits nobles, des noix ou des c\u00e9r\u00e9ales<\/strong>. Le segment adulte et le chocolat de d\u00e9gustation tirent \u00e9galement la croissance vers le haut.<\/p>\n<p style=\"text-align: justify;\">Les acteurs capitalisent donc sur des saveurs uniques et originales comme les fruits associ\u00e9s aux \u00e9pices, plantes et ingr\u00e9dients fonctionnels. <strong>Les variantes sans sucre et orient\u00e9es sur la sant\u00e9, autant que les fruits sont des tendances cl\u00e9s.<\/strong><\/p>\n<p style=\"text-align: justify;\">Nous proposons divers types de fruits se mariant tr\u00e8s bien avec le chocolat, <strong>p\u00e9pites XXL aux fruits ou toutes autres saveurs<\/strong> que vous souhaiteriez d\u00e9velopper, lamelles et tranches d&rsquo;orange confits, lamelles et tranches de citron confits, lamelles de gingembre confits &#8230; N&rsquo;h\u00e9sitez pas \u00e0 nous contacter !<strong><\/strong><\/p>\n<p><strong><\/strong><\/p>\n<p>[\/et_pb_text][\/et_pb_column][\/et_pb_row][et_pb_row _builder_version=\u00a0\u00bb4.22.2&Prime; _module_preset=\u00a0\u00bbdefault\u00a0\u00bb hover_enabled=\u00a0\u00bb0&Prime; global_colors_info=\u00a0\u00bb{}\u00a0\u00bb column_structure=\u00a0\u00bb1_2,1_2&Prime; sticky_enabled=\u00a0\u00bb0&Prime;][et_pb_column type=\u00a0\u00bb1_2&Prime; _builder_version=\u00a0\u00bb4.21.0&Prime; _module_preset=\u00a0\u00bbdefault\u00a0\u00bb global_colors_info=\u00a0\u00bb{}\u00a0\u00bb][et_pb_image src=\u00a0\u00bbhttps:\/\/www.aptunion.com\/wp-content\/uploads\/2023\/10\/mini_aptunion-application-Modifier.jpg\u00a0\u00bb alt=\u00a0\u00bbtablettes de chocolat avec des inclusions de fruits\u00a0\u00bb title_text=\u00a0\u00bbmini_aptunion application-Modifier\u00a0\u00bb _builder_version=\u00a0\u00bb4.22.2&Prime; _module_preset=\u00a0\u00bbdefault\u00a0\u00bb hover_enabled=\u00a0\u00bb0&Prime; global_colors_info=\u00a0\u00bb{}\u00a0\u00bb sticky_enabled=\u00a0\u00bb0&Prime;][\/et_pb_image][\/et_pb_column][et_pb_column type=\u00a0\u00bb1_2&Prime; _builder_version=\u00a0\u00bb4.21.0&Prime; _module_preset=\u00a0\u00bbdefault\u00a0\u00bb global_colors_info=\u00a0\u00bb{}\u00a0\u00bb][et_pb_image src=\u00a0\u00bbhttps:\/\/www.aptunion.com\/wp-content\/uploads\/2023\/10\/mini_Chocolat-XXL-3.jpg\u00a0\u00bb _builder_version=\u00a0\u00bb4.22.2&Prime; _module_preset=\u00a0\u00bbdefault\u00a0\u00bb title_text=\u00a0\u00bbmini_Chocolat XXL 3&Prime; hover_enabled=\u00a0\u00bb0&Prime; sticky_enabled=\u00a0\u00bb0&Prime;][\/et_pb_image][\/et_pb_column][\/et_pb_row][\/et_pb_section]<\/p>\n","protected":false},"excerpt":{"rendered":"<p>Chocolat\u00a0 Qu\u2019il soit au lait, noir, blanc, aux noisettes ou aux fruits, le chocolat reste l&rsquo;une des confiseries les plus appr\u00e9ci\u00e9es. Ce march\u00e9 stable se valorise toutefois avec l\u2019apparition de confiseries de grande qualit\u00e9 contenant des fruits nobles, des noix ou des c\u00e9r\u00e9ales. Le segment adulte et le chocolat de d\u00e9gustation tirent \u00e9galement la croissance [&hellip;]<\/p>\n","protected":false},"author":1,"featured_media":0,"parent":0,"menu_order":0,"comment_status":"closed","ping_status":"closed","template":"","meta":{"_et_pb_use_builder":"on","_et_pb_old_content":"","_et_gb_content_width":"","footnotes":""},"class_list":["post-685","page","type-page","status-publish","hentry"],"yoast_head":"<!-- This site is optimized with the Yoast SEO plugin v27.4 - https:\/\/yoast.com\/product\/yoast-seo-wordpress\/ -->\n<title>Confiseries Chocolat - pr\u00e9paration orangette - Aptunion - Indutrie<\/title>\n<meta name=\"description\" content=\"Qu\u2019il soit au lait, noir, blanc, aux noisettes ou aux fruits, le chocolat reste l\u2019une des confiseries les plus appr\u00e9ci\u00e9es.\" \/>\n<meta name=\"robots\" content=\"index, follow, max-snippet:-1, max-image-preview:large, max-video-preview:-1\" \/>\n<link rel=\"canonical\" href=\"https:\/\/www.aptunion.com\/fr\/confiseries-chocolat-aptunion\/\" \/>\n<meta property=\"og:locale\" content=\"fr_FR\" \/>\n<meta property=\"og:type\" content=\"article\" \/>\n<meta property=\"og:title\" content=\"Confiseries Chocolat - pr\u00e9paration orangette - Aptunion - Indutrie\" \/>\n<meta property=\"og:description\" content=\"Qu\u2019il soit au lait, noir, blanc, aux noisettes ou aux fruits, le chocolat reste l\u2019une des confiseries les plus appr\u00e9ci\u00e9es.\" \/>\n<meta property=\"og:url\" content=\"https:\/\/www.aptunion.com\/fr\/confiseries-chocolat-aptunion\/\" \/>\n<meta property=\"og:site_name\" content=\"Aptunion\" \/>\n<meta property=\"article:modified_time\" content=\"2023-10-25T09:41:38+00:00\" \/>\n<meta name=\"twitter:card\" content=\"summary_large_image\" \/>\n<meta name=\"twitter:label1\" content=\"Dur\u00e9e de lecture estim\u00e9e\" \/>\n\t<meta name=\"twitter:data1\" content=\"2 minutes\" \/>\n<script type=\"application\/ld+json\" class=\"yoast-schema-graph\">{\"@context\":\"https:\\\/\\\/schema.org\",\"@graph\":[{\"@type\":\"WebPage\",\"@id\":\"https:\\\/\\\/www.aptunion.com\\\/fr\\\/confiseries-chocolat-aptunion\\\/\",\"url\":\"https:\\\/\\\/www.aptunion.com\\\/fr\\\/confiseries-chocolat-aptunion\\\/\",\"name\":\"Confiseries Chocolat - pr\u00e9paration orangette - Aptunion - Indutrie\",\"isPartOf\":{\"@id\":\"https:\\\/\\\/www.aptunion.com\\\/#website\"},\"datePublished\":\"2018-09-27T15:26:15+00:00\",\"dateModified\":\"2023-10-25T09:41:38+00:00\",\"description\":\"Qu\u2019il soit au lait, noir, blanc, aux noisettes ou aux fruits, le chocolat reste l\u2019une des confiseries les plus appr\u00e9ci\u00e9es.\",\"breadcrumb\":{\"@id\":\"https:\\\/\\\/www.aptunion.com\\\/fr\\\/confiseries-chocolat-aptunion\\\/#breadcrumb\"},\"inLanguage\":\"fr-FR\",\"potentialAction\":[{\"@type\":\"ReadAction\",\"target\":[\"https:\\\/\\\/www.aptunion.com\\\/fr\\\/confiseries-chocolat-aptunion\\\/\"]}]},{\"@type\":\"BreadcrumbList\",\"@id\":\"https:\\\/\\\/www.aptunion.com\\\/fr\\\/confiseries-chocolat-aptunion\\\/#breadcrumb\",\"itemListElement\":[{\"@type\":\"ListItem\",\"position\":1,\"name\":\"Accueil\",\"item\":\"https:\\\/\\\/www.aptunion.com\\\/fr\\\/\"},{\"@type\":\"ListItem\",\"position\":2,\"name\":\"Chocolat\"}]},{\"@type\":\"WebSite\",\"@id\":\"https:\\\/\\\/www.aptunion.com\\\/#website\",\"url\":\"https:\\\/\\\/www.aptunion.com\\\/\",\"name\":\"Aptunion\",\"description\":\"Producteur d&#039;inclusions gourmandes\",\"publisher\":{\"@id\":\"https:\\\/\\\/www.aptunion.com\\\/#organization\"},\"potentialAction\":[{\"@type\":\"SearchAction\",\"target\":{\"@type\":\"EntryPoint\",\"urlTemplate\":\"https:\\\/\\\/www.aptunion.com\\\/?s={search_term_string}\"},\"query-input\":{\"@type\":\"PropertyValueSpecification\",\"valueRequired\":true,\"valueName\":\"search_term_string\"}}],\"inLanguage\":\"fr-FR\"},{\"@type\":\"Organization\",\"@id\":\"https:\\\/\\\/www.aptunion.com\\\/#organization\",\"name\":\"Aptunion Industrie\",\"alternateName\":\"Aptunion\",\"url\":\"https:\\\/\\\/www.aptunion.com\\\/\",\"logo\":{\"@type\":\"ImageObject\",\"inLanguage\":\"fr-FR\",\"@id\":\"https:\\\/\\\/www.aptunion.com\\\/#\\\/schema\\\/logo\\\/image\\\/\",\"url\":\"https:\\\/\\\/www.aptunion.com\\\/wp-content\\\/uploads\\\/2018\\\/06\\\/favicon-aptunion.png\",\"contentUrl\":\"https:\\\/\\\/www.aptunion.com\\\/wp-content\\\/uploads\\\/2018\\\/06\\\/favicon-aptunion.png\",\"width\":350,\"height\":350,\"caption\":\"Aptunion Industrie\"},\"image\":{\"@id\":\"https:\\\/\\\/www.aptunion.com\\\/#\\\/schema\\\/logo\\\/image\\\/\"}}]}<\/script>\n<!-- \/ Yoast SEO plugin. -->","yoast_head_json":{"title":"Confiseries Chocolat - pr\u00e9paration orangette - Aptunion - Indutrie","description":"Qu\u2019il soit au lait, noir, blanc, aux noisettes ou aux fruits, le chocolat reste l\u2019une des confiseries les plus appr\u00e9ci\u00e9es.","robots":{"index":"index","follow":"follow","max-snippet":"max-snippet:-1","max-image-preview":"max-image-preview:large","max-video-preview":"max-video-preview:-1"},"canonical":"https:\/\/www.aptunion.com\/fr\/confiseries-chocolat-aptunion\/","og_locale":"fr_FR","og_type":"article","og_title":"Confiseries Chocolat - pr\u00e9paration orangette - Aptunion - Indutrie","og_description":"Qu\u2019il soit au lait, noir, blanc, aux noisettes ou aux fruits, le chocolat reste l\u2019une des confiseries les plus appr\u00e9ci\u00e9es.","og_url":"https:\/\/www.aptunion.com\/fr\/confiseries-chocolat-aptunion\/","og_site_name":"Aptunion","article_modified_time":"2023-10-25T09:41:38+00:00","twitter_card":"summary_large_image","twitter_misc":{"Dur\u00e9e de lecture estim\u00e9e":"2 minutes"},"schema":{"@context":"https:\/\/schema.org","@graph":[{"@type":"WebPage","@id":"https:\/\/www.aptunion.com\/fr\/confiseries-chocolat-aptunion\/","url":"https:\/\/www.aptunion.com\/fr\/confiseries-chocolat-aptunion\/","name":"Confiseries Chocolat - pr\u00e9paration orangette - Aptunion - Indutrie","isPartOf":{"@id":"https:\/\/www.aptunion.com\/#website"},"datePublished":"2018-09-27T15:26:15+00:00","dateModified":"2023-10-25T09:41:38+00:00","description":"Qu\u2019il soit au lait, noir, blanc, aux noisettes ou aux fruits, le chocolat reste l\u2019une des confiseries les plus appr\u00e9ci\u00e9es.","breadcrumb":{"@id":"https:\/\/www.aptunion.com\/fr\/confiseries-chocolat-aptunion\/#breadcrumb"},"inLanguage":"fr-FR","potentialAction":[{"@type":"ReadAction","target":["https:\/\/www.aptunion.com\/fr\/confiseries-chocolat-aptunion\/"]}]},{"@type":"BreadcrumbList","@id":"https:\/\/www.aptunion.com\/fr\/confiseries-chocolat-aptunion\/#breadcrumb","itemListElement":[{"@type":"ListItem","position":1,"name":"Accueil","item":"https:\/\/www.aptunion.com\/fr\/"},{"@type":"ListItem","position":2,"name":"Chocolat"}]},{"@type":"WebSite","@id":"https:\/\/www.aptunion.com\/#website","url":"https:\/\/www.aptunion.com\/","name":"Aptunion","description":"Producteur d&#039;inclusions gourmandes","publisher":{"@id":"https:\/\/www.aptunion.com\/#organization"},"potentialAction":[{"@type":"SearchAction","target":{"@type":"EntryPoint","urlTemplate":"https:\/\/www.aptunion.com\/?s={search_term_string}"},"query-input":{"@type":"PropertyValueSpecification","valueRequired":true,"valueName":"search_term_string"}}],"inLanguage":"fr-FR"},{"@type":"Organization","@id":"https:\/\/www.aptunion.com\/#organization","name":"Aptunion Industrie","alternateName":"Aptunion","url":"https:\/\/www.aptunion.com\/","logo":{"@type":"ImageObject","inLanguage":"fr-FR","@id":"https:\/\/www.aptunion.com\/#\/schema\/logo\/image\/","url":"https:\/\/www.aptunion.com\/wp-content\/uploads\/2018\/06\/favicon-aptunion.png","contentUrl":"https:\/\/www.aptunion.com\/wp-content\/uploads\/2018\/06\/favicon-aptunion.png","width":350,"height":350,"caption":"Aptunion Industrie"},"image":{"@id":"https:\/\/www.aptunion.com\/#\/schema\/logo\/image\/"}}]}},"_links":{"self":[{"href":"https:\/\/www.aptunion.com\/fr\/wp-json\/wp\/v2\/pages\/685","targetHints":{"allow":["GET"]}}],"collection":[{"href":"https:\/\/www.aptunion.com\/fr\/wp-json\/wp\/v2\/pages"}],"about":[{"href":"https:\/\/www.aptunion.com\/fr\/wp-json\/wp\/v2\/types\/page"}],"author":[{"embeddable":true,"href":"https:\/\/www.aptunion.com\/fr\/wp-json\/wp\/v2\/users\/1"}],"replies":[{"embeddable":true,"href":"https:\/\/www.aptunion.com\/fr\/wp-json\/wp\/v2\/comments?post=685"}],"version-history":[{"count":26,"href":"https:\/\/www.aptunion.com\/fr\/wp-json\/wp\/v2\/pages\/685\/revisions"}],"predecessor-version":[{"id":3775,"href":"https:\/\/www.aptunion.com\/fr\/wp-json\/wp\/v2\/pages\/685\/revisions\/3775"}],"wp:attachment":[{"href":"https:\/\/www.aptunion.com\/fr\/wp-json\/wp\/v2\/media?parent=685"}],"curies":[{"name":"wp","href":"https:\/\/api.w.org\/{rel}","templated":true}]}}