{"id":644,"date":"2018-09-27T16:37:16","date_gmt":"2018-09-27T14:37:16","guid":{"rendered":"https:\/\/www.aptunion.com\/?page_id=644"},"modified":"2022-10-07T08:23:29","modified_gmt":"2022-10-07T06:23:29","slug":"boulangerie-patisserie-aptunion","status":"publish","type":"page","link":"https:\/\/www.aptunion.com\/fr\/boulangerie-patisserie-aptunion\/","title":{"rendered":"Boulangerie &#8211; P\u00e2tisserie"},"content":{"rendered":"<p>[et_pb_section fb_built=\u00a0\u00bb1&Prime; _builder_version=\u00a0\u00bb4.16&Prime; custom_padding=\u00a0\u00bb40px||40px|\u00a0\u00bb global_colors_info=\u00a0\u00bb{}\u00a0\u00bb][et_pb_row _builder_version=\u00a0\u00bb4.16&Prime; background_size=\u00a0\u00bbinitial\u00a0\u00bb background_position=\u00a0\u00bbtop_left\u00a0\u00bb background_repeat=\u00a0\u00bbrepeat\u00a0\u00bb global_colors_info=\u00a0\u00bb{}\u00a0\u00bb][et_pb_column type=\u00a0\u00bb4_4&Prime; _builder_version=\u00a0\u00bb4.16&Prime; custom_padding=\u00a0\u00bb|||\u00a0\u00bb global_colors_info=\u00a0\u00bb{}\u00a0\u00bb custom_padding__hover=\u00a0\u00bb|||\u00a0\u00bb][et_pb_text admin_label=\u00a0\u00bbTitle\u00a0\u00bb _builder_version=\u00a0\u00bb4.16&Prime; header_2_font=\u00a0\u00bbMontserrat|600||on|||||\u00a0\u00bb header_2_text_align=\u00a0\u00bbcenter\u00a0\u00bb header_2_font_size=\u00a0\u00bb30px\u00a0\u00bb custom_margin=\u00a0\u00bb||5px|\u00a0\u00bb animation_style=\u00a0\u00bbslide\u00a0\u00bb animation_direction=\u00a0\u00bbtop\u00a0\u00bb animation_intensity_slide=\u00a0\u00bb20%\u00a0\u00bb animation_starting_opacity=\u00a0\u00bb100%\u00a0\u00bb saved_tabs=\u00a0\u00bball\u00a0\u00bb global_colors_info=\u00a0\u00bb{}\u00a0\u00bb]<\/p>\n<h2>Boulangerie &#8211; P\u00e2tisserie<\/h2>\n<p>[\/et_pb_text][et_pb_divider divider_weight=\u00a0\u00bb3px\u00a0\u00bb _builder_version=\u00a0\u00bb4.16&Prime; max_width=\u00a0\u00bb83px\u00a0\u00bb module_alignment=\u00a0\u00bbcenter\u00a0\u00bb animation_style=\u00a0\u00bbslide\u00a0\u00bb animation_intensity_slide=\u00a0\u00bb20%\u00a0\u00bb animation_starting_opacity=\u00a0\u00bb100%\u00a0\u00bb saved_tabs=\u00a0\u00bball\u00a0\u00bb global_colors_info=\u00a0\u00bb{}\u00a0\u00bb][\/et_pb_divider][et_pb_text _builder_version=\u00a0\u00bb4.16&Prime; text_font_size=\u00a0\u00bb16px\u00a0\u00bb text_line_height=\u00a0\u00bb1.8em\u00a0\u00bb text_font_size_tablet=\u00a0\u00bb14px\u00a0\u00bb text_font_size_phone=\u00a0\u00bb\u00a0\u00bb text_font_size_last_edited=\u00a0\u00bbon|desktop\u00a0\u00bb global_colors_info=\u00a0\u00bb{}\u00a0\u00bb]<\/p>\n<p>Le march\u00e9 alimentaire subit une profonde mutation depuis quelques ann\u00e9es. La soci\u00e9t\u00e9 de consommation s&rsquo;oriente de plus en plus sur des <strong>valeurs alliant la qualit\u00e9 produit, les b\u00e9n\u00e9fices en termes de sant\u00e9, le go\u00fbt et la satisfaction<\/strong>.<\/p>\n<p>Afin de r\u00e9pondre \u00e0 cette demande, nous d\u00e9veloppons une <strong>strat\u00e9gie d&rsquo;innovation proposant des produits similaires avec une teneur en sucre\/mati\u00e8re grasse r\u00e9duite, sans sucre, sans conservateurs et des inclusions\/d\u00e9corations \u00e0 forte teneur en fruits<\/strong> \u00e0 inclure dans diff\u00e9rentes applications telles que les g\u00e2teaux, biscuits, cookies, cakes, muffins et croissants.<\/p>\n<p>&nbsp;<\/p>\n\n\t\t<!-- MasterSlider -->\n\t\t<div id=\"P_MS69fb2fbc6d243\" class=\"master-slider-parent msl ms-parent-id-4\" style=\"max-width:800px;\">\n\n\t\t\t\n\t\t\t<!-- MasterSlider Main -->\n\t\t\t<div id=\"MS69fb2fbc6d243\" class=\"master-slider ms-skin-default\" >\n\t\t\t\t \t\t\t\t \n\t\t\t\t<div  class=\"ms-slide\" data-delay=\"3\" data-fill-mode=\"fit\"  >\n\t\t\t\t\t<img decoding=\"async\" src=\"https:\/\/www.aptunion.com\/wp-content\/plugins\/master-slider\/public\/assets\/css\/blank.gif\" alt=\"\" title=\"\" data-src=\"https:\/\/www.aptunion.com\/wp-content\/uploads\/2018\/09\/Recette-BoulPat-1-1.jpg\" \/>\n\n\t\t\t\t\t<div class=\"ms-info\"><h1 style=\"text-align: center;\"><strong><br \/>CHEESECAKE \u00c0 LA CERISE AMARENA<\/strong><\/h1><h4 style=\"text-align: center;\"><br \/>Quantit\u00e9 : <strong>8 personnes<\/strong><\/h4><p><br \/><strong>Ingr\u00e9dients :<\/strong><\/p><p>200 g de biscuits Amaretti<br \/>60 g de poudre d\u2019amande<br \/>800 g de fromage blanc<br \/>3 \u0153ufs<br \/>15 g Ma\u00efzena<br \/>100 g de sucre<br \/>70 g de beurre fondu<br \/>100 g cerises Amarena<br \/><br \/><br \/><strong>Recette :<\/strong><\/p><p>1. Mixez les biscuits avec l\u2019amande en poudre et le beurre fondu.<br \/>2. Etalez la pr\u00e9paration dans un moule \u00e0 charni\u00e8re, pr\u00e9alablement recouvert de papier sulfuris\u00e9. Tassez bien.<br \/>3. M\u00e9langez au batteur le fromage blanc, les \u0153ufs, la Ma\u00efzena, le sucre. Versez la pr\u00e9paration sur les biscuits.<br \/>4.\u00a0Enfournez pendant 1h15 dans un four pr\u00e9chauff\u00e9 \u00e0 170\u00b0C.<br \/>5. Une fois refroidi, placez au frais au minimum 6 heures.<br \/>6. D\u00e9gustez bien froid, d\u00e9corez de quelques Cerises Amarena en garniture puis nappez du sirop des cerises.<\/p><\/div>\n\n\n\t<div class=\"ms-thumb\" ><div class=\"ms-tab-context\"><div class=\"&quot;ms-tab-context&quot;\"><\/div><\/div>\n<\/div>\n\t\t\t\t<\/div>\n\t\t\t\t<div  class=\"ms-slide\" data-delay=\"3\" data-fill-mode=\"fit\"  >\n\t\t\t\t\t<img decoding=\"async\" src=\"https:\/\/www.aptunion.com\/wp-content\/plugins\/master-slider\/public\/assets\/css\/blank.gif\" alt=\"\" title=\"\" data-src=\"https:\/\/www.aptunion.com\/wp-content\/uploads\/2021\/03\/mini_Galette-des-rois-1.jpg\" \/>\n\n\t\t\t\t\t<div class=\"ms-info\"><h1 style=\"text-align: center;\"><strong><br \/>BRIOCHES DES ROIS PROVEN\u00c7ALE\u00a0<\/strong><\/h1><h4 style=\"text-align: center;\"><br \/>Quantit\u00e9 : <strong>6 personnes<\/strong><\/h4><p>\u00a0<\/p><p><strong>Ingr\u00e9dients :<\/strong><\/p><p>650 g de farine<br \/>150 g de cubes de melon confit tricolores<br \/>100 g de fruits confits (d\u00e9cor)<br \/>100 g de sucre<br \/>100 g de beurre<br \/>50 g de sucre perl\u00e9<br \/>10 cl de lait<br \/>3 \u0153ufs<br \/>3 cuill\u00e8res \u00e0 soupe d\u2019eau ti\u00e8de<br \/>2 cuill\u00e8res \u00e0 soupe d\u2019eau de fleur d\u2019oranger<br \/>1 cube de levure boulang\u00e8re<br \/>1 pinc\u00e9e de sel<\/p><br \/><strong>Recette :<\/strong><br \/><br \/><p>\u00a0 1. Roulez les cubes de melon confit tricolores dans la farine.<br \/>\u00a0 2. Emiettez et d\u00e9layez la levure dans 3 cuill\u00e8res \u00e0 soupe d\u2019eau ti\u00e8de, laissez reposer dans un endroit ti\u00e8de pendant 10 min.<br \/>\u00a0 3. Travaillez le beurre avec le sucre puis incorporez les \u0153ufs ainsi que le lait ti\u00e8de et la fleur d\u2019oranger.<br \/>\u00a0 4. Ajoutez la farine, la levure d\u00e9lay\u00e9e et le sel. Ajoutez les cubes de melon confits puis p\u00e9trissez la p\u00e2te durant 10 min afin d\u2019obtenir une boule homog\u00e8ne.<br \/>\u00a0 5. Couvrez d\u2019un linge et laissez lever pendant 3h.<br \/>\u00a0 6. D\u00e9gazez la p\u00e2te puis former une boule et d\u00e9posez sur une plaque recouverte de papier cuisson.<br \/>\u00a0 7. Laissez reposer pendant 2h et couverte d\u2019un linge. Quand la p\u00e2te a bien gonfl\u00e9, formez une boule ronde.<br \/>\u00a0 8. Faites un trou au milieu puis \u00e9cartez la p\u00e2te pour former une couronne.<br \/>\u00a0 9. Enfournez durant 20min environ dans un four pr\u00e9chauff\u00e9 \u00e0 180\u00b0C (surveillez la cuisson).<br \/>10. D\u00e9corez le dessus \u00e0 l\u2019aide des fruits confits restants et du sucre perl\u00e9.<\/p><\/div>\n\n\n\t<div class=\"ms-thumb\" ><div class=\"ms-tab-context\"><div class=\"&quot;ms-tab-context&quot;\"><\/div><\/div>\n<\/div>\n\t\t\t\t<\/div>\n\t\t\t\t<div  class=\"ms-slide\" data-delay=\"3\" data-fill-mode=\"center\"  >\n\t\t\t\t\t<img decoding=\"async\" src=\"https:\/\/www.aptunion.com\/wp-content\/plugins\/master-slider\/public\/assets\/css\/blank.gif\" alt=\"\" title=\"\" data-src=\"https:\/\/www.aptunion.com\/wp-content\/uploads\/2021\/03\/mini_Fotolia_89961314_S.jpg\" \/>\n\n\t\t\t\t\t<div class=\"ms-info\"><h1 style=\"text-align: center;\"><strong><br \/>CAKE AUX FRUITS CONFITS<\/strong><\/h1><h4 style=\"text-align: center;\"><br \/>Quantit\u00e9 : <strong>4 personnes<\/strong><\/h4><p><br \/><strong>Ingr\u00e9dients :<\/strong><\/p><p>220 g de farine<br \/>50 g de bigarreaux rouges confits<br \/>50 g de cubes de melon confit tricolore\u00a0<br \/>50 g de cubes d'orange confite\u00a0<br \/>125 g de sucre<br \/>125 g de beurre<br \/>1\/2 sachet de levure chimique<br \/>3 oeufs<br \/>5 cl de rhum<br \/><br \/><br \/><strong>Recette :<\/strong><\/p><p>1. Plongez les fruits confits dans le rhum et laissez mac\u00e9rer 30min.<br \/>2. Pr\u00e9chauffez le four \u00e0 180\u00b0 C.<br \/>3. S\u00e9parez les blancs des jaunes des \u0153ufs. M\u00e9langez les jaunes avec le sucre. Battez les blancs en neige fermement avec une pinc\u00e9e de sel.<br \/>4. Faites fondre le beurre.<br \/>5. Versez sur les jaunes d'\u0153ufs la farine tamis\u00e9e.<br \/>6. Ajoutez la levure, le beurre fondu et les blancs en neige. M\u00e9langez d\u00e9licatement.<br \/>7. Egouttez les fruits confits et saupoudrez de farine. Ajoutez \u00e0 la p\u00e2te sans trop m\u00e9langer.<br \/>8. Beurrez et farinez un moule \u00e0 cake.<br \/>9. Versez la p\u00e2te et enfournez 45min. Laissez ti\u00e9dir avant de d\u00e9mouler.<\/p><\/div>\n\n\n\t<div class=\"ms-thumb\" ><div class=\"ms-tab-context\"><div class=\"&quot;ms-tab-context&quot;\"><\/div><\/div>\n<\/div>\n\t\t\t\t<\/div>\n\t\t\t\t<div  class=\"ms-slide\" data-delay=\"3\" data-fill-mode=\"fit\"  >\n\t\t\t\t\t<img decoding=\"async\" src=\"https:\/\/www.aptunion.com\/wp-content\/plugins\/master-slider\/public\/assets\/css\/blank.gif\" alt=\"\" title=\"\" data-src=\"https:\/\/www.aptunion.com\/wp-content\/uploads\/2021\/03\/mini_IMG_2943.jpg\" \/>\n\n\t\t\t\t\t<div class=\"ms-info\"><h1 style=\"text-align: center;\"><strong><br \/>PANETTONE<\/strong><\/h1><h4 style=\"text-align: center;\"><br \/>Quantit\u00e9 : <strong>4 personnes<\/strong><\/h4><p><strong>Ingr\u00e9dients :<\/strong><\/p><p>500 g de farine<br \/>120 g de fruits confits<br \/>12 cl d'eau ti\u00e8de<br \/>2 oeufs<br \/>2 jaunes d'oeufs<br \/>15 g de levure de boulanger<br \/>160 g de beurre mou<br \/>12 cl de lait ti\u00e8de<br \/>1 grosse poign\u00e9e de raisins secs<br \/>75 g de sucre canne roux ou cassonade<br \/>20 g de beurre fondu<br \/>1 pinc\u00e9e de sel<br \/><br \/><strong>Recette :\u00a0<\/strong><\/p><p>1. Beurrez un moule \u00e0 hauts bords et tapissez-le de papier sulfuris\u00e9 en le laissant d\u00e9passer de 7 \u00e0 8 cm.<br \/>2. M\u00e9langez la farine, le sel puis la levure d\u00e9lay\u00e9e dans le lait et l'eau ti\u00e8de pr\u00e9alablement. P\u00e9trissez une minute.<br \/>3. Ajoutez les deux \u0153ufs entiers un par un en p\u00e9trissant \u00e0 chaque fois.<br \/>4. Laissez reposer 30 minutes sous un torchon.<br \/>5. Incorporez les jaunes d'\u0153ufs, la cassonade et le beurre mou. P\u00e9trissez durant 5 minutes.<br \/>6. Laissez reposer 2 heures sous un film alimentaire.<br \/>7. Incorporez les fruits confits et les raisins secs. M\u00e9langez et laissez reposez 1 heure dans le moule.<br \/>8. Faites une croix sur le dessus du panettone et badigeonnez-le de beurre fondu.<br \/>9. Enfournez dans le bas du four pr\u00e9chauff\u00e9 \u00e0 200\u00b0C, pendant 40 minutes.<br \/><br \/>Vous pouvez le d\u00e9guster avec du miel ou de la confiture.<\/p><\/div>\n\n\n\t<div class=\"ms-thumb\" ><div class=\"ms-tab-context\"><div class=\"&quot;ms-tab-context&quot;\"><\/div><\/div>\n<\/div>\n\t\t\t\t<\/div>\n\n\t\t\t<\/div>\n\t\t\t<!-- END MasterSlider Main -->\n\n\t\t\t \n\t\t<\/div>\n\t\t<!-- END MasterSlider -->\n\n\t\t<script>\n\t\t(function ( $ ) {\n\t\t\t\"use strict\";\n\n\t\t\t$(function () {\n\t\t\t\tvar masterslider_d243 = new MasterSlider();\n\n\t\t\t\t\/\/ slider controls\n\t\t\t\tmasterslider_d243.control('arrows'     ,{ autohide:false, overVideo:true  });\t\t\t\tmasterslider_d243.control('bullets'    ,{ autohide:false, overVideo:true, dir:'h', align:'bottom' , margin:-20  });\n\n\t\t\t\tmasterslider_d243.control('timebar'    ,{ autohide:false, overVideo:true, align:'bottom', color:'#FFFFFF'  , width:4 });\n\t\t\t\tmasterslider_d243.control('slideinfo'  ,{ autohide:false, overVideo:true, dir:'h', align:'bottom',inset:false , margin:10   });\n\t\t\t\t\/\/ slider setup\n\t\t\t\tmasterslider_d243.setup(\"MS69fb2fbc6d243\", {\n\t\t\t\t\t\twidth           : 800,\n\t\t\t\t\t\theight          : 480,\n\t\t\t\t\t\tminHeight       : 0,\n\t\t\t\t\t\tspace           : 0,\n\t\t\t\t\t\tstart           : 1,\n\t\t\t\t\t\tgrabCursor      : true,\n\t\t\t\t\t\tswipe           : true,\n\t\t\t\t\t\tmouse           : true,\n\t\t\t\t\t\tlayout          : \"boxed\",\n\t\t\t\t\t\twheel           : false,\n\t\t\t\t\t\tautoplay        : false,\n\t\t\t\t\t\tinstantStartLayers:false,\n\t\t\t\t\t\tloop            : false,\n\t\t\t\t\t\tshuffle         : false,\n\t\t\t\t\t\tpreload         : 0,\n\t\t\t\t\t\theightLimit     : true,\n\t\t\t\t\t\tautoHeight      : false,\n\t\t\t\t\t\tsmoothHeight    : true,\n\t\t\t\t\t\tendPause        : false,\n\t\t\t\t\t\toverPause       : true,\n\t\t\t\t\t\tfillMode        : \"fill\",\n\t\t\t\t\t\tcenterControls  : true,\n\t\t\t\t\t\tstartOnAppear   : false,\n\t\t\t\t\t\tlayersMode      : \"center\",\n\t\t\t\t\t\thideLayers      : false,\n\t\t\t\t\t\tfullscreenMargin: 0,\n\t\t\t\t\t\tspeed           : 20,\n\t\t\t\t\t\tdir             : \"h\",\n\t\t\t\t\t\tparallaxMode    : 'swipe',\n\t\t\t\t\t\tview            : \"basic\"\n\t\t\t\t});\n\n\t\t\t\t\n\t\t\t\twindow.masterslider_instances = window.masterslider_instances || [];\n\t\t\t\twindow.masterslider_instances.push( masterslider_d243 );\n\t\t\t });\n\n\t\t})(jQuery);\n\t\t<\/script>\n\n\n<p>[\/et_pb_text][\/et_pb_column][\/et_pb_row][\/et_pb_section]<\/p>\n","protected":false},"excerpt":{"rendered":"<p>Boulangerie &#8211; P\u00e2tisserieLe march\u00e9 alimentaire subit une profonde mutation depuis quelques ann\u00e9es. La soci\u00e9t\u00e9 de consommation s&rsquo;oriente de plus en plus sur des valeurs alliant la qualit\u00e9 produit, les b\u00e9n\u00e9fices en termes de sant\u00e9, le go\u00fbt et la satisfaction. Afin de r\u00e9pondre \u00e0 cette demande, nous d\u00e9veloppons une strat\u00e9gie d&rsquo;innovation proposant des produits similaires avec [&hellip;]<\/p>\n","protected":false},"author":1,"featured_media":0,"parent":0,"menu_order":0,"comment_status":"closed","ping_status":"closed","template":"","meta":{"_et_pb_use_builder":"on","_et_pb_old_content":"","_et_gb_content_width":"","footnotes":""},"class_list":["post-644","page","type-page","status-publish","hentry"],"yoast_head":"<!-- This site is optimized with the Yoast SEO plugin v27.4 - https:\/\/yoast.com\/product\/yoast-seo-wordpress\/ -->\n<title>Boulangerie - P\u00e2tisserie - Aptunion<\/title>\n<meta name=\"description\" content=\"boulangerie. Le march\u00e9 alimentaire subit une profonde mutation depuis quelques ann\u00e9es. La soci\u00e9t\u00e9 de consommation s\u2019oriente de plus en plus sur des valeurs alliant la qualit\u00e9 produit, les b\u00e9n\u00e9fices en termes de sant\u00e9, le go\u00fbt et la satisfaction. boulangerie\" \/>\n<meta name=\"robots\" content=\"index, follow, max-snippet:-1, max-image-preview:large, max-video-preview:-1\" \/>\n<link rel=\"canonical\" href=\"https:\/\/www.aptunion.com\/baking-pastry\/\" \/>\n<meta property=\"og:locale\" content=\"fr_FR\" \/>\n<meta property=\"og:type\" content=\"article\" \/>\n<meta property=\"og:title\" content=\"Boulangerie - P\u00e2tisserie - Aptunion\" \/>\n<meta property=\"og:description\" content=\"boulangerie. Le march\u00e9 alimentaire subit une profonde mutation depuis quelques ann\u00e9es. La soci\u00e9t\u00e9 de consommation s\u2019oriente de plus en plus sur des valeurs alliant la qualit\u00e9 produit, les b\u00e9n\u00e9fices en termes de sant\u00e9, le go\u00fbt et la satisfaction. boulangerie\" \/>\n<meta property=\"og:url\" content=\"https:\/\/www.aptunion.com\/baking-pastry\/\" \/>\n<meta property=\"og:site_name\" content=\"Aptunion\" \/>\n<meta property=\"article:modified_time\" content=\"2022-10-07T06:23:29+00:00\" \/>\n<meta name=\"twitter:card\" content=\"summary_large_image\" \/>\n<meta name=\"twitter:label1\" content=\"Dur\u00e9e de lecture estim\u00e9e\" \/>\n\t<meta name=\"twitter:data1\" content=\"1 minute\" \/>\n<script type=\"application\/ld+json\" class=\"yoast-schema-graph\">{\"@context\":\"https:\\\/\\\/schema.org\",\"@graph\":[{\"@type\":\"WebPage\",\"@id\":\"https:\\\/\\\/www.aptunion.com\\\/baking-pastry\\\/\",\"url\":\"https:\\\/\\\/www.aptunion.com\\\/baking-pastry\\\/\",\"name\":\"Boulangerie - P\u00e2tisserie - Aptunion\",\"isPartOf\":{\"@id\":\"https:\\\/\\\/www.aptunion.com\\\/#website\"},\"datePublished\":\"2018-09-27T14:37:16+00:00\",\"dateModified\":\"2022-10-07T06:23:29+00:00\",\"description\":\"boulangerie. Le march\u00e9 alimentaire subit une profonde mutation depuis quelques ann\u00e9es. La soci\u00e9t\u00e9 de consommation s\u2019oriente de plus en plus sur des valeurs alliant la qualit\u00e9 produit, les b\u00e9n\u00e9fices en termes de sant\u00e9, le go\u00fbt et la satisfaction. boulangerie\",\"breadcrumb\":{\"@id\":\"https:\\\/\\\/www.aptunion.com\\\/baking-pastry\\\/#breadcrumb\"},\"inLanguage\":\"fr-FR\",\"potentialAction\":[{\"@type\":\"ReadAction\",\"target\":[\"https:\\\/\\\/www.aptunion.com\\\/baking-pastry\\\/\"]}]},{\"@type\":\"BreadcrumbList\",\"@id\":\"https:\\\/\\\/www.aptunion.com\\\/baking-pastry\\\/#breadcrumb\",\"itemListElement\":[{\"@type\":\"ListItem\",\"position\":1,\"name\":\"Accueil\",\"item\":\"https:\\\/\\\/www.aptunion.com\\\/fr\\\/\"},{\"@type\":\"ListItem\",\"position\":2,\"name\":\"Boulangerie &#8211; P\u00e2tisserie\"}]},{\"@type\":\"WebSite\",\"@id\":\"https:\\\/\\\/www.aptunion.com\\\/#website\",\"url\":\"https:\\\/\\\/www.aptunion.com\\\/\",\"name\":\"Aptunion\",\"description\":\"Producteur d&#039;inclusions gourmandes\",\"publisher\":{\"@id\":\"https:\\\/\\\/www.aptunion.com\\\/#organization\"},\"potentialAction\":[{\"@type\":\"SearchAction\",\"target\":{\"@type\":\"EntryPoint\",\"urlTemplate\":\"https:\\\/\\\/www.aptunion.com\\\/?s={search_term_string}\"},\"query-input\":{\"@type\":\"PropertyValueSpecification\",\"valueRequired\":true,\"valueName\":\"search_term_string\"}}],\"inLanguage\":\"fr-FR\"},{\"@type\":\"Organization\",\"@id\":\"https:\\\/\\\/www.aptunion.com\\\/#organization\",\"name\":\"Aptunion Industrie\",\"alternateName\":\"Aptunion\",\"url\":\"https:\\\/\\\/www.aptunion.com\\\/\",\"logo\":{\"@type\":\"ImageObject\",\"inLanguage\":\"fr-FR\",\"@id\":\"https:\\\/\\\/www.aptunion.com\\\/#\\\/schema\\\/logo\\\/image\\\/\",\"url\":\"https:\\\/\\\/www.aptunion.com\\\/wp-content\\\/uploads\\\/2018\\\/06\\\/favicon-aptunion.png\",\"contentUrl\":\"https:\\\/\\\/www.aptunion.com\\\/wp-content\\\/uploads\\\/2018\\\/06\\\/favicon-aptunion.png\",\"width\":350,\"height\":350,\"caption\":\"Aptunion Industrie\"},\"image\":{\"@id\":\"https:\\\/\\\/www.aptunion.com\\\/#\\\/schema\\\/logo\\\/image\\\/\"}}]}<\/script>\n<!-- \/ Yoast SEO plugin. -->","yoast_head_json":{"title":"Boulangerie - P\u00e2tisserie - Aptunion","description":"boulangerie. Le march\u00e9 alimentaire subit une profonde mutation depuis quelques ann\u00e9es. La soci\u00e9t\u00e9 de consommation s\u2019oriente de plus en plus sur des valeurs alliant la qualit\u00e9 produit, les b\u00e9n\u00e9fices en termes de sant\u00e9, le go\u00fbt et la satisfaction. boulangerie","robots":{"index":"index","follow":"follow","max-snippet":"max-snippet:-1","max-image-preview":"max-image-preview:large","max-video-preview":"max-video-preview:-1"},"canonical":"https:\/\/www.aptunion.com\/baking-pastry\/","og_locale":"fr_FR","og_type":"article","og_title":"Boulangerie - P\u00e2tisserie - Aptunion","og_description":"boulangerie. Le march\u00e9 alimentaire subit une profonde mutation depuis quelques ann\u00e9es. La soci\u00e9t\u00e9 de consommation s\u2019oriente de plus en plus sur des valeurs alliant la qualit\u00e9 produit, les b\u00e9n\u00e9fices en termes de sant\u00e9, le go\u00fbt et la satisfaction. boulangerie","og_url":"https:\/\/www.aptunion.com\/baking-pastry\/","og_site_name":"Aptunion","article_modified_time":"2022-10-07T06:23:29+00:00","twitter_card":"summary_large_image","twitter_misc":{"Dur\u00e9e de lecture estim\u00e9e":"1 minute"},"schema":{"@context":"https:\/\/schema.org","@graph":[{"@type":"WebPage","@id":"https:\/\/www.aptunion.com\/baking-pastry\/","url":"https:\/\/www.aptunion.com\/baking-pastry\/","name":"Boulangerie - P\u00e2tisserie - Aptunion","isPartOf":{"@id":"https:\/\/www.aptunion.com\/#website"},"datePublished":"2018-09-27T14:37:16+00:00","dateModified":"2022-10-07T06:23:29+00:00","description":"boulangerie. Le march\u00e9 alimentaire subit une profonde mutation depuis quelques ann\u00e9es. La soci\u00e9t\u00e9 de consommation s\u2019oriente de plus en plus sur des valeurs alliant la qualit\u00e9 produit, les b\u00e9n\u00e9fices en termes de sant\u00e9, le go\u00fbt et la satisfaction. boulangerie","breadcrumb":{"@id":"https:\/\/www.aptunion.com\/baking-pastry\/#breadcrumb"},"inLanguage":"fr-FR","potentialAction":[{"@type":"ReadAction","target":["https:\/\/www.aptunion.com\/baking-pastry\/"]}]},{"@type":"BreadcrumbList","@id":"https:\/\/www.aptunion.com\/baking-pastry\/#breadcrumb","itemListElement":[{"@type":"ListItem","position":1,"name":"Accueil","item":"https:\/\/www.aptunion.com\/fr\/"},{"@type":"ListItem","position":2,"name":"Boulangerie &#8211; P\u00e2tisserie"}]},{"@type":"WebSite","@id":"https:\/\/www.aptunion.com\/#website","url":"https:\/\/www.aptunion.com\/","name":"Aptunion","description":"Producteur d&#039;inclusions gourmandes","publisher":{"@id":"https:\/\/www.aptunion.com\/#organization"},"potentialAction":[{"@type":"SearchAction","target":{"@type":"EntryPoint","urlTemplate":"https:\/\/www.aptunion.com\/?s={search_term_string}"},"query-input":{"@type":"PropertyValueSpecification","valueRequired":true,"valueName":"search_term_string"}}],"inLanguage":"fr-FR"},{"@type":"Organization","@id":"https:\/\/www.aptunion.com\/#organization","name":"Aptunion Industrie","alternateName":"Aptunion","url":"https:\/\/www.aptunion.com\/","logo":{"@type":"ImageObject","inLanguage":"fr-FR","@id":"https:\/\/www.aptunion.com\/#\/schema\/logo\/image\/","url":"https:\/\/www.aptunion.com\/wp-content\/uploads\/2018\/06\/favicon-aptunion.png","contentUrl":"https:\/\/www.aptunion.com\/wp-content\/uploads\/2018\/06\/favicon-aptunion.png","width":350,"height":350,"caption":"Aptunion Industrie"},"image":{"@id":"https:\/\/www.aptunion.com\/#\/schema\/logo\/image\/"}}]}},"_links":{"self":[{"href":"https:\/\/www.aptunion.com\/fr\/wp-json\/wp\/v2\/pages\/644","targetHints":{"allow":["GET"]}}],"collection":[{"href":"https:\/\/www.aptunion.com\/fr\/wp-json\/wp\/v2\/pages"}],"about":[{"href":"https:\/\/www.aptunion.com\/fr\/wp-json\/wp\/v2\/types\/page"}],"author":[{"embeddable":true,"href":"https:\/\/www.aptunion.com\/fr\/wp-json\/wp\/v2\/users\/1"}],"replies":[{"embeddable":true,"href":"https:\/\/www.aptunion.com\/fr\/wp-json\/wp\/v2\/comments?post=644"}],"version-history":[{"count":41,"href":"https:\/\/www.aptunion.com\/fr\/wp-json\/wp\/v2\/pages\/644\/revisions"}],"predecessor-version":[{"id":3370,"href":"https:\/\/www.aptunion.com\/fr\/wp-json\/wp\/v2\/pages\/644\/revisions\/3370"}],"wp:attachment":[{"href":"https:\/\/www.aptunion.com\/fr\/wp-json\/wp\/v2\/media?parent=644"}],"curies":[{"name":"wp","href":"https:\/\/api.w.org\/{rel}","templated":true}]}}