{"id":3850,"date":"2024-05-07T12:52:41","date_gmt":"2024-05-07T10:52:41","guid":{"rendered":"https:\/\/www.aptunion.com\/?page_id=3850"},"modified":"2024-05-13T11:48:03","modified_gmt":"2024-05-13T09:48:03","slug":"gummies","status":"publish","type":"page","link":"https:\/\/www.aptunion.com\/fr\/gummies\/","title":{"rendered":"Gummies"},"content":{"rendered":"<p>[et_pb_section fb_built=\u00a0\u00bb1&Prime; _builder_version=\u00a0\u00bb4.25.0&Prime; _module_preset=\u00a0\u00bbdefault\u00a0\u00bb global_colors_info=\u00a0\u00bb{}\u00a0\u00bb][et_pb_row column_structure=\u00a0\u00bb1_3,1_3,1_3&Prime; _builder_version=\u00a0\u00bb4.25.0&Prime; _module_preset=\u00a0\u00bbdefault\u00a0\u00bb global_colors_info=\u00a0\u00bb{}\u00a0\u00bb][et_pb_column type=\u00a0\u00bb1_3&Prime; _builder_version=\u00a0\u00bb4.25.0&Prime; _module_preset=\u00a0\u00bbdefault\u00a0\u00bb global_colors_info=\u00a0\u00bb{}\u00a0\u00bb][et_pb_text _builder_version=\u00a0\u00bb4.25.0&Prime; _module_preset=\u00a0\u00bbdefault\u00a0\u00bb global_colors_info=\u00a0\u00bb{}\u00a0\u00bb]<\/p>\n<p style=\"text-align: justify;\">Fort de ses atouts : <strong>R\u00e9activit\u00e9<\/strong>, <strong>Agilit\u00e9<\/strong>, <strong>Innovation<\/strong>, <strong>Naturalit\u00e9<\/strong> et <strong>Expertise<\/strong> <strong>fruit<\/strong>, Aptunion se lance aujourd\u2019hui dans la <strong>fabrication de gummies \u00e0 destination des professionnels en BtoB.<\/strong><\/p>\n<p>[\/et_pb_text][\/et_pb_column][et_pb_column type=\u00a0\u00bb1_3&Prime; _builder_version=\u00a0\u00bb4.25.0&Prime; _module_preset=\u00a0\u00bbdefault\u00a0\u00bb global_colors_info=\u00a0\u00bb{}\u00a0\u00bb][et_pb_text _builder_version=\u00a0\u00bb4.25.0&Prime; _module_preset=\u00a0\u00bbdefault\u00a0\u00bb custom_padding=\u00a0\u00bb||0px|||\u00a0\u00bb global_colors_info=\u00a0\u00bb{}\u00a0\u00bb]<\/p>\n<p style=\"text-align: justify;\">Notre ADN est de fournir des <span style=\"text-decoration: underline;\">produits de grande qualit\u00e9 avec un service client irr\u00e9prochable.<\/span> La naturalit\u00e9 est au coeur de notre d\u00e9marche. Nous cr\u00e9erons vos produits avec des ingr\u00e9dients naturels.<\/p>\n<p>&nbsp;<\/p>\n<p>[\/et_pb_text][\/et_pb_column][et_pb_column type=\u00a0\u00bb1_3&Prime; _builder_version=\u00a0\u00bb4.25.0&Prime; _module_preset=\u00a0\u00bbdefault\u00a0\u00bb global_colors_info=\u00a0\u00bb{}\u00a0\u00bb][et_pb_image src=\u00a0\u00bbhttps:\/\/www.aptunion.com\/wp-content\/uploads\/2024\/05\/Gummies-pharmacie-1-format-carre-scaled.jpg\u00a0\u00bb title_text=\u00a0\u00bbGummies pharmacie 1 format carr\u00e9\u00a0\u00bb _builder_version=\u00a0\u00bb4.25.0&Prime; _module_preset=\u00a0\u00bbdefault\u00a0\u00bb global_colors_info=\u00a0\u00bb{}\u00a0\u00bb][\/et_pb_image][\/et_pb_column][\/et_pb_row][et_pb_row _builder_version=\u00a0\u00bb4.25.0&Prime; _module_preset=\u00a0\u00bbdefault\u00a0\u00bb global_colors_info=\u00a0\u00bb{}\u00a0\u00bb][et_pb_column type=\u00a0\u00bb4_4&Prime; _builder_version=\u00a0\u00bb4.25.0&Prime; _module_preset=\u00a0\u00bbdefault\u00a0\u00bb global_colors_info=\u00a0\u00bb{}\u00a0\u00bb][et_pb_button button_url=\u00a0\u00bbhttps:\/\/www.aptunion.com\/wp-content\/uploads\/2024\/05\/Plaquette-Gummies-Aptunion-Version-digitale-06052024.pdf\u00a0\u00bb url_new_window=\u00a0\u00bbon\u00a0\u00bb button_text=\u00a0\u00bbAptunion, fa\u00e7onnier de gummies pour le BtoB\u00a0\u00bb _builder_version=\u00a0\u00bb4.25.0&Prime; _module_preset=\u00a0\u00bbdefault\u00a0\u00bb hover_enabled=\u00a0\u00bb0&Prime; global_colors_info=\u00a0\u00bb{}\u00a0\u00bb sticky_enabled=\u00a0\u00bb0&Prime;][\/et_pb_button][\/et_pb_column][\/et_pb_row][\/et_pb_section]<\/p>\n","protected":false},"excerpt":{"rendered":"<p>Fort de ses atouts : R\u00e9activit\u00e9, Agilit\u00e9, Innovation, Naturalit\u00e9 et Expertise fruit, Aptunion se lance aujourd\u2019hui dans la fabrication de gummies \u00e0 destination des professionnels en BtoB.Notre ADN est de fournir des produits de grande qualit\u00e9 avec un service client irr\u00e9prochable. La naturalit\u00e9 est au coeur de notre d\u00e9marche. Nous cr\u00e9erons vos produits avec des [&hellip;]<\/p>\n","protected":false},"author":1,"featured_media":0,"parent":0,"menu_order":0,"comment_status":"closed","ping_status":"closed","template":"","meta":{"_et_pb_use_builder":"on","_et_pb_old_content":"","_et_gb_content_width":"","footnotes":""},"class_list":["post-3850","page","type-page","status-publish","hentry"],"yoast_head":"<!-- This site is optimized with the Yoast SEO plugin v27.1.1 - https:\/\/yoast.com\/product\/yoast-seo-wordpress\/ -->\n<title>Gummies - Aptunion<\/title>\n<meta name=\"robots\" content=\"index, follow, max-snippet:-1, max-image-preview:large, max-video-preview:-1\" \/>\n<link rel=\"canonical\" href=\"https:\/\/www.aptunion.com\/fr\/gummies\/\" \/>\n<meta property=\"og:locale\" content=\"fr_FR\" \/>\n<meta property=\"og:type\" content=\"article\" \/>\n<meta property=\"og:title\" content=\"Gummies - Aptunion\" \/>\n<meta property=\"og:description\" content=\"Fort de ses atouts : R\u00e9activit\u00e9, Agilit\u00e9, Innovation, Naturalit\u00e9 et Expertise fruit, Aptunion se lance aujourd\u2019hui dans la fabrication de gummies \u00e0 destination des professionnels en BtoB.Notre ADN est de fournir des produits de grande qualit\u00e9 avec un service client irr\u00e9prochable. La naturalit\u00e9 est au coeur de notre d\u00e9marche. Nous cr\u00e9erons vos produits avec des [&hellip;]\" \/>\n<meta property=\"og:url\" content=\"https:\/\/www.aptunion.com\/fr\/gummies\/\" \/>\n<meta property=\"og:site_name\" content=\"Aptunion\" \/>\n<meta property=\"article:modified_time\" content=\"2024-05-13T09:48:03+00:00\" \/>\n<meta name=\"twitter:card\" content=\"summary_large_image\" \/>\n<meta name=\"twitter:label1\" content=\"Dur\u00e9e de lecture estim\u00e9e\" \/>\n\t<meta name=\"twitter:data1\" content=\"1 minute\" \/>\n<script type=\"application\/ld+json\" class=\"yoast-schema-graph\">{\"@context\":\"https:\/\/schema.org\",\"@graph\":[{\"@type\":\"WebPage\",\"@id\":\"https:\/\/www.aptunion.com\/fr\/gummies\/\",\"url\":\"https:\/\/www.aptunion.com\/fr\/gummies\/\",\"name\":\"Gummies - Aptunion\",\"isPartOf\":{\"@id\":\"https:\/\/www.aptunion.com\/#website\"},\"datePublished\":\"2024-05-07T10:52:41+00:00\",\"dateModified\":\"2024-05-13T09:48:03+00:00\",\"breadcrumb\":{\"@id\":\"https:\/\/www.aptunion.com\/fr\/gummies\/#breadcrumb\"},\"inLanguage\":\"fr-FR\",\"potentialAction\":[{\"@type\":\"ReadAction\",\"target\":[\"https:\/\/www.aptunion.com\/fr\/gummies\/\"]}]},{\"@type\":\"BreadcrumbList\",\"@id\":\"https:\/\/www.aptunion.com\/fr\/gummies\/#breadcrumb\",\"itemListElement\":[{\"@type\":\"ListItem\",\"position\":1,\"name\":\"Accueil\",\"item\":\"https:\/\/www.aptunion.com\/fr\/\"},{\"@type\":\"ListItem\",\"position\":2,\"name\":\"Gummies\"}]},{\"@type\":\"WebSite\",\"@id\":\"https:\/\/www.aptunion.com\/#website\",\"url\":\"https:\/\/www.aptunion.com\/\",\"name\":\"Aptunion\",\"description\":\"Producteur d&#039;inclusions gourmandes\",\"publisher\":{\"@id\":\"https:\/\/www.aptunion.com\/#organization\"},\"potentialAction\":[{\"@type\":\"SearchAction\",\"target\":{\"@type\":\"EntryPoint\",\"urlTemplate\":\"https:\/\/www.aptunion.com\/?s={search_term_string}\"},\"query-input\":{\"@type\":\"PropertyValueSpecification\",\"valueRequired\":true,\"valueName\":\"search_term_string\"}}],\"inLanguage\":\"fr-FR\"},{\"@type\":\"Organization\",\"@id\":\"https:\/\/www.aptunion.com\/#organization\",\"name\":\"Aptunion Industrie\",\"alternateName\":\"Aptunion\",\"url\":\"https:\/\/www.aptunion.com\/\",\"logo\":{\"@type\":\"ImageObject\",\"inLanguage\":\"fr-FR\",\"@id\":\"https:\/\/www.aptunion.com\/#\/schema\/logo\/image\/\",\"url\":\"https:\/\/www.aptunion.com\/wp-content\/uploads\/2018\/06\/favicon-aptunion.png\",\"contentUrl\":\"https:\/\/www.aptunion.com\/wp-content\/uploads\/2018\/06\/favicon-aptunion.png\",\"width\":350,\"height\":350,\"caption\":\"Aptunion Industrie\"},\"image\":{\"@id\":\"https:\/\/www.aptunion.com\/#\/schema\/logo\/image\/\"}}]}<\/script>\n<!-- \/ Yoast SEO plugin. -->","yoast_head_json":{"title":"Gummies - Aptunion","robots":{"index":"index","follow":"follow","max-snippet":"max-snippet:-1","max-image-preview":"max-image-preview:large","max-video-preview":"max-video-preview:-1"},"canonical":"https:\/\/www.aptunion.com\/fr\/gummies\/","og_locale":"fr_FR","og_type":"article","og_title":"Gummies - Aptunion","og_description":"Fort de ses atouts : R\u00e9activit\u00e9, Agilit\u00e9, Innovation, Naturalit\u00e9 et Expertise fruit, Aptunion se lance aujourd\u2019hui dans la fabrication de gummies \u00e0 destination des professionnels en BtoB.Notre ADN est de fournir des produits de grande qualit\u00e9 avec un service client irr\u00e9prochable. La naturalit\u00e9 est au coeur de notre d\u00e9marche. Nous cr\u00e9erons vos produits avec des [&hellip;]","og_url":"https:\/\/www.aptunion.com\/fr\/gummies\/","og_site_name":"Aptunion","article_modified_time":"2024-05-13T09:48:03+00:00","twitter_card":"summary_large_image","twitter_misc":{"Dur\u00e9e de lecture estim\u00e9e":"1 minute"},"schema":{"@context":"https:\/\/schema.org","@graph":[{"@type":"WebPage","@id":"https:\/\/www.aptunion.com\/fr\/gummies\/","url":"https:\/\/www.aptunion.com\/fr\/gummies\/","name":"Gummies - Aptunion","isPartOf":{"@id":"https:\/\/www.aptunion.com\/#website"},"datePublished":"2024-05-07T10:52:41+00:00","dateModified":"2024-05-13T09:48:03+00:00","breadcrumb":{"@id":"https:\/\/www.aptunion.com\/fr\/gummies\/#breadcrumb"},"inLanguage":"fr-FR","potentialAction":[{"@type":"ReadAction","target":["https:\/\/www.aptunion.com\/fr\/gummies\/"]}]},{"@type":"BreadcrumbList","@id":"https:\/\/www.aptunion.com\/fr\/gummies\/#breadcrumb","itemListElement":[{"@type":"ListItem","position":1,"name":"Accueil","item":"https:\/\/www.aptunion.com\/fr\/"},{"@type":"ListItem","position":2,"name":"Gummies"}]},{"@type":"WebSite","@id":"https:\/\/www.aptunion.com\/#website","url":"https:\/\/www.aptunion.com\/","name":"Aptunion","description":"Producteur d&#039;inclusions gourmandes","publisher":{"@id":"https:\/\/www.aptunion.com\/#organization"},"potentialAction":[{"@type":"SearchAction","target":{"@type":"EntryPoint","urlTemplate":"https:\/\/www.aptunion.com\/?s={search_term_string}"},"query-input":{"@type":"PropertyValueSpecification","valueRequired":true,"valueName":"search_term_string"}}],"inLanguage":"fr-FR"},{"@type":"Organization","@id":"https:\/\/www.aptunion.com\/#organization","name":"Aptunion Industrie","alternateName":"Aptunion","url":"https:\/\/www.aptunion.com\/","logo":{"@type":"ImageObject","inLanguage":"fr-FR","@id":"https:\/\/www.aptunion.com\/#\/schema\/logo\/image\/","url":"https:\/\/www.aptunion.com\/wp-content\/uploads\/2018\/06\/favicon-aptunion.png","contentUrl":"https:\/\/www.aptunion.com\/wp-content\/uploads\/2018\/06\/favicon-aptunion.png","width":350,"height":350,"caption":"Aptunion Industrie"},"image":{"@id":"https:\/\/www.aptunion.com\/#\/schema\/logo\/image\/"}}]}},"_links":{"self":[{"href":"https:\/\/www.aptunion.com\/fr\/wp-json\/wp\/v2\/pages\/3850","targetHints":{"allow":["GET"]}}],"collection":[{"href":"https:\/\/www.aptunion.com\/fr\/wp-json\/wp\/v2\/pages"}],"about":[{"href":"https:\/\/www.aptunion.com\/fr\/wp-json\/wp\/v2\/types\/page"}],"author":[{"embeddable":true,"href":"https:\/\/www.aptunion.com\/fr\/wp-json\/wp\/v2\/users\/1"}],"replies":[{"embeddable":true,"href":"https:\/\/www.aptunion.com\/fr\/wp-json\/wp\/v2\/comments?post=3850"}],"version-history":[{"count":11,"href":"https:\/\/www.aptunion.com\/fr\/wp-json\/wp\/v2\/pages\/3850\/revisions"}],"predecessor-version":[{"id":3941,"href":"https:\/\/www.aptunion.com\/fr\/wp-json\/wp\/v2\/pages\/3850\/revisions\/3941"}],"wp:attachment":[{"href":"https:\/\/www.aptunion.com\/fr\/wp-json\/wp\/v2\/media?parent=3850"}],"curies":[{"name":"wp","href":"https:\/\/api.w.org\/{rel}","templated":true}]}}