{"id":3347,"date":"2022-10-06T10:39:35","date_gmt":"2022-10-06T08:39:35","guid":{"rendered":"https:\/\/www.aptunion.com\/?page_id=3347"},"modified":"2023-09-26T15:41:45","modified_gmt":"2023-09-26T13:41:45","slug":"un-industriel-performant","status":"publish","type":"page","link":"https:\/\/www.aptunion.com\/fr\/un-industriel-performant\/","title":{"rendered":"Un industriel performant"},"content":{"rendered":"<p>[et_pb_section fb_built=\u00a0\u00bb1&Prime; admin_label=\u00a0\u00bbHero Section\u00a0\u00bb _builder_version=\u00a0\u00bb4.21.0&Prime; use_background_color_gradient=\u00a0\u00bbon\u00a0\u00bb background_color_gradient_direction=\u00a0\u00bb1deg\u00a0\u00bb background_color_gradient_stops=\u00a0\u00bb#ffffff 0%|rgba(0,0,0,0.4) 0%\u00a0\u00bb background_color_gradient_overlays_image=\u00a0\u00bbon\u00a0\u00bb background_color_gradient_start=\u00a0\u00bb#ffffff\u00a0\u00bb background_color_gradient_end=\u00a0\u00bbrgba(0,0,0,0.4)\u00a0\u00bb background_color_gradient_end_position=\u00a0\u00bb0%\u00a0\u00bb background_image=\u00a0\u00bbhttps:\/\/www.aptunion.com\/wp-content\/uploads\/2018\/10\/fond-IndustrielPerformant-1.jpg\u00a0\u00bb background_position=\u00a0\u00bbcenter_right\u00a0\u00bb max_height=\u00a0\u00bb312px\u00a0\u00bb custom_padding=\u00a0\u00bb6%||6%|\u00a0\u00bb global_colors_info=\u00a0\u00bb{}\u00a0\u00bb][et_pb_row admin_label=\u00a0\u00bbPage Title Area\u00a0\u00bb _builder_version=\u00a0\u00bb4.16&Prime; background_size=\u00a0\u00bbinitial\u00a0\u00bb background_position=\u00a0\u00bbtop_left\u00a0\u00bb background_repeat=\u00a0\u00bbrepeat\u00a0\u00bb custom_margin=\u00a0\u00bb|||\u00a0\u00bb custom_padding=\u00a0\u00bb|||\u00a0\u00bb global_colors_info=\u00a0\u00bb{}\u00a0\u00bb][et_pb_column type=\u00a0\u00bb4_4&Prime; _builder_version=\u00a0\u00bb4.16&Prime; custom_padding=\u00a0\u00bb|||\u00a0\u00bb global_colors_info=\u00a0\u00bb{}\u00a0\u00bb custom_padding__hover=\u00a0\u00bb|||\u00a0\u00bb][et_pb_text admin_label=\u00a0\u00bbHero Section Title\u00a0\u00bb _builder_version=\u00a0\u00bb4.16&Prime; text_font=\u00a0\u00bbMontserrat||||||||\u00a0\u00bb text_font_size=\u00a0\u00bb18px\u00a0\u00bb text_line_height=\u00a0\u00bb1.8em\u00a0\u00bb header_font=\u00a0\u00bbMontserrat|600||on|||||\u00a0\u00bb header_font_size=\u00a0\u00bb48px\u00a0\u00bb header_letter_spacing=\u00a0\u00bb2px\u00a0\u00bb header_line_height=\u00a0\u00bb1.3em\u00a0\u00bb header_2_font=\u00a0\u00bbMontserrat|700|||||||\u00a0\u00bb header_2_text_color=\u00a0\u00bbrgba(255,255,255,0.6)\u00a0\u00bb header_2_font_size=\u00a0\u00bb90px\u00a0\u00bb header_2_letter_spacing=\u00a0\u00bb3px\u00a0\u00bb header_2_line_height=\u00a0\u00bb1.1em\u00a0\u00bb text_orientation=\u00a0\u00bbcenter\u00a0\u00bb background_layout=\u00a0\u00bbdark\u00a0\u00bb module_alignment=\u00a0\u00bbcenter\u00a0\u00bb custom_margin=\u00a0\u00bb|||\u00a0\u00bb animation_style=\u00a0\u00bbfade\u00a0\u00bb animation_direction=\u00a0\u00bbbottom\u00a0\u00bb header_font_size_tablet=\u00a0\u00bb\u00a0\u00bb header_font_size_phone=\u00a0\u00bb28px\u00a0\u00bb header_font_size_last_edited=\u00a0\u00bbon|phone\u00a0\u00bb header_2_font_size_tablet=\u00a0\u00bb\u00a0\u00bb header_2_font_size_phone=\u00a0\u00bb50px\u00a0\u00bb header_2_font_size_last_edited=\u00a0\u00bbon|phone\u00a0\u00bb global_colors_info=\u00a0\u00bb{}\u00a0\u00bb]<\/p>\n<h1>NOTRE ACTIVIT\u00c9<\/h1>\n<p>[\/et_pb_text][\/et_pb_column][\/et_pb_row][\/et_pb_section][et_pb_section fb_built=\u00a0\u00bb1&Prime; admin_label=\u00a0\u00bbAbout Me Section\u00a0\u00bb _builder_version=\u00a0\u00bb4.16&Prime; custom_padding=\u00a0\u00bb80px||64px||false|false\u00a0\u00bb global_colors_info=\u00a0\u00bb{}\u00a0\u00bb][et_pb_row admin_label=\u00a0\u00bbTitle Area\u00a0\u00bb _builder_version=\u00a0\u00bb3.7&Prime; custom_margin=\u00a0\u00bb|||\u00a0\u00bb custom_padding=\u00a0\u00bb||0px|\u00a0\u00bb global_module=\u00a0\u00bb2026&Prime; saved_tabs=\u00a0\u00bball\u00a0\u00bb global_colors_info=\u00a0\u00bb{}\u00a0\u00bb][et_pb_column type=\u00a0\u00bb4_4&Prime; _builder_version=\u00a0\u00bb4.16&Prime; custom_padding=\u00a0\u00bb|||\u00a0\u00bb global_colors_info=\u00a0\u00bb{}\u00a0\u00bb custom_padding__hover=\u00a0\u00bb|||\u00a0\u00bb][et_pb_text admin_label=\u00a0\u00bbTitle\u00a0\u00bb _builder_version=\u00a0\u00bb4.16&Prime; header_2_font=\u00a0\u00bbMontserrat|600||on|||||\u00a0\u00bb header_2_text_align=\u00a0\u00bbcenter\u00a0\u00bb header_2_font_size=\u00a0\u00bb30px\u00a0\u00bb custom_margin=\u00a0\u00bb||5px|\u00a0\u00bb animation_style=\u00a0\u00bbslide\u00a0\u00bb animation_direction=\u00a0\u00bbtop\u00a0\u00bb animation_intensity_slide=\u00a0\u00bb20%\u00a0\u00bb animation_starting_opacity=\u00a0\u00bb100%\u00a0\u00bb global_colors_info=\u00a0\u00bb{}\u00a0\u00bb]<\/p>\n<h2>UN INDUSTRIEL PERFORMANT<\/h2>\n<h2>GARANT D&rsquo;UN H\u00c9RITAGE CULTUREL<\/h2>\n<p>[\/et_pb_text][et_pb_divider divider_weight=\u00a0\u00bb3px\u00a0\u00bb _builder_version=\u00a0\u00bb4.16&Prime; max_width=\u00a0\u00bb83px\u00a0\u00bb module_alignment=\u00a0\u00bbcenter\u00a0\u00bb animation_style=\u00a0\u00bbslide\u00a0\u00bb animation_intensity_slide=\u00a0\u00bb20%\u00a0\u00bb animation_starting_opacity=\u00a0\u00bb100%\u00a0\u00bb global_colors_info=\u00a0\u00bb{}\u00a0\u00bb][\/et_pb_divider][\/et_pb_column][\/et_pb_row][et_pb_row admin_label=\u00a0\u00bbAbout Me Area\u00a0\u00bb _builder_version=\u00a0\u00bb4.16&Prime; global_colors_info=\u00a0\u00bb{}\u00a0\u00bb][et_pb_column type=\u00a0\u00bb4_4&Prime; _builder_version=\u00a0\u00bb4.16&Prime; custom_padding=\u00a0\u00bb|||\u00a0\u00bb global_colors_info=\u00a0\u00bb{}\u00a0\u00bb custom_padding__hover=\u00a0\u00bb|||\u00a0\u00bb][et_pb_text _builder_version=\u00a0\u00bb4.16&Prime; text_font=\u00a0\u00bb||||||||\u00a0\u00bb text_font_size=\u00a0\u00bb16px\u00a0\u00bb text_line_height=\u00a0\u00bb1.8em\u00a0\u00bb max_width=\u00a0\u00bb70%\u00a0\u00bb module_alignment=\u00a0\u00bbcenter\u00a0\u00bb custom_margin=\u00a0\u00bb|||\u00a0\u00bb animation_style=\u00a0\u00bbflip\u00a0\u00bb animation_direction=\u00a0\u00bbleft\u00a0\u00bb animation_intensity_flip=\u00a0\u00bb30%\u00a0\u00bb animation_starting_opacity=\u00a0\u00bb100%\u00a0\u00bb global_colors_info=\u00a0\u00bb{}\u00a0\u00bb]<\/p>\n<p style=\"text-align: center;\">Situ\u00e9 en Provence au c\u0153ur du Parc Naturel R\u00e9gional du Luberon, nous sommes <strong>le sp\u00e9cialiste de l\u2019inclusion gourmande<\/strong> pour les march\u00e9s de la biscuiterie, boulangerie, p\u00e2tisserie, confiserie, chocolaterie, snacking et de la glace.<\/p>\n<p style=\"text-align: center;\">Appartenant au <strong>groupe fran\u00e7ais MIREOLIAN<\/strong> depuis Janvier 2015, notre si\u00e8ge social et nos trois usines sont situ\u00e9s \u00e0 Apt en Provence, au plus pr\u00e8s des vergers.<\/p>\n<p>[\/et_pb_text][\/et_pb_column][\/et_pb_row][\/et_pb_section][et_pb_section fb_built=\u00a0\u00bb1&Prime; theme_builder_area=\u00a0\u00bbpost_content\u00a0\u00bb _builder_version=\u00a0\u00bb4.22.1&Prime; _module_preset=\u00a0\u00bbdefault\u00a0\u00bb][et_pb_row _builder_version=\u00a0\u00bb4.22.1&Prime; _module_preset=\u00a0\u00bbdefault\u00a0\u00bb theme_builder_area=\u00a0\u00bbpost_content\u00a0\u00bb hover_enabled=\u00a0\u00bb0&Prime; sticky_enabled=\u00a0\u00bb0&Prime;][et_pb_column _builder_version=\u00a0\u00bb4.22.1&Prime; _module_preset=\u00a0\u00bbdefault\u00a0\u00bb type=\u00a0\u00bb4_4&Prime; theme_builder_area=\u00a0\u00bbpost_content\u00a0\u00bb][et_pb_image src=\u00a0\u00bbhttps:\/\/www.aptunion.com\/wp-content\/uploads\/2023\/09\/mini_DJI_0106.jpeg\u00a0\u00bb _builder_version=\u00a0\u00bb4.22.1&Prime; _module_preset=\u00a0\u00bbdefault\u00a0\u00bb theme_builder_area=\u00a0\u00bbpost_content\u00a0\u00bb title_text=\u00a0\u00bbAptunion\u00a0\u00bb hover_enabled=\u00a0\u00bb0&Prime; sticky_enabled=\u00a0\u00bb0&Prime;][\/et_pb_image][\/et_pb_column][\/et_pb_row][\/et_pb_section][et_pb_section fb_built=\u00a0\u00bb1&Prime; _builder_version=\u00a0\u00bb4.16&Prime; custom_padding=\u00a0\u00bb54px|0px|21px|0px|false|false\u00a0\u00bb global_colors_info=\u00a0\u00bb{}\u00a0\u00bb][et_pb_row admin_label=\u00a0\u00bbTitle Area\u00a0\u00bb _builder_version=\u00a0\u00bb4.16&Prime; custom_margin=\u00a0\u00bb|||\u00a0\u00bb custom_padding=\u00a0\u00bb||0px|\u00a0\u00bb global_colors_info=\u00a0\u00bb{}\u00a0\u00bb][et_pb_column type=\u00a0\u00bb4_4&Prime; _builder_version=\u00a0\u00bb4.16&Prime; custom_padding=\u00a0\u00bb|||\u00a0\u00bb global_colors_info=\u00a0\u00bb{}\u00a0\u00bb custom_padding__hover=\u00a0\u00bb|||\u00a0\u00bb][et_pb_text admin_label=\u00a0\u00bbTitle\u00a0\u00bb _builder_version=\u00a0\u00bb4.16&Prime; header_2_font=\u00a0\u00bbMontserrat|600||on|||||\u00a0\u00bb header_2_text_align=\u00a0\u00bbcenter\u00a0\u00bb header_2_font_size=\u00a0\u00bb30px\u00a0\u00bb custom_margin=\u00a0\u00bb||5px|\u00a0\u00bb animation_style=\u00a0\u00bbslide\u00a0\u00bb animation_direction=\u00a0\u00bbtop\u00a0\u00bb animation_intensity_slide=\u00a0\u00bb20%\u00a0\u00bb animation_starting_opacity=\u00a0\u00bb100%\u00a0\u00bb global_colors_info=\u00a0\u00bb{}\u00a0\u00bb]<\/p>\n<h2>D\u00c9COUVREZ NOTRE SAVOIR-FAIRE \u00c0<\/h2>\n<h2>la maison du fruit confit<\/h2>\n<p>[\/et_pb_text][et_pb_divider divider_weight=\u00a0\u00bb3px\u00a0\u00bb _builder_version=\u00a0\u00bb4.16&Prime; max_width=\u00a0\u00bb83px\u00a0\u00bb module_alignment=\u00a0\u00bbcenter\u00a0\u00bb animation_style=\u00a0\u00bbslide\u00a0\u00bb animation_intensity_slide=\u00a0\u00bb20%\u00a0\u00bb animation_starting_opacity=\u00a0\u00bb100%\u00a0\u00bb global_colors_info=\u00a0\u00bb{}\u00a0\u00bb][\/et_pb_divider][\/et_pb_column][\/et_pb_row][\/et_pb_section][et_pb_section fb_built=\u00a0\u00bb1&Prime; admin_label=\u00a0\u00bbAbout Me Section\u00a0\u00bb _builder_version=\u00a0\u00bb4.16&Prime; custom_padding=\u00a0\u00bb0||59px||false|false\u00a0\u00bb global_colors_info=\u00a0\u00bb{}\u00a0\u00bb][et_pb_row column_structure=\u00a0\u00bb1_2,1_2&Prime; _builder_version=\u00a0\u00bb4.22.1&Prime; custom_padding=\u00a0\u00bb27px|0px|0|0px|false|false\u00a0\u00bb global_colors_info=\u00a0\u00bb{}\u00a0\u00bb][et_pb_column type=\u00a0\u00bb1_2&Prime; _builder_version=\u00a0\u00bb4.16&Prime; custom_padding=\u00a0\u00bb|||\u00a0\u00bb global_colors_info=\u00a0\u00bb{}\u00a0\u00bb custom_padding__hover=\u00a0\u00bb|||\u00a0\u00bb][et_pb_text _builder_version=\u00a0\u00bb4.16&Prime; global_colors_info=\u00a0\u00bb{}\u00a0\u00bb]<\/p>\n<p style=\"text-align: center;\"><span style=\"font-size: medium;\">Notre boutique, <strong>LA MAISON DU FRUIT CONFIT<\/strong>, situ\u00e9e sur le site des ateliers de fabrication, est une vitrine gourmande et color\u00e9e proposant \u00e0 la vente directe une large gamme de fruits confits et des confiseries proven\u00e7ales.<\/span><\/p>\n<p style=\"text-align: center;\"><span style=\"font-size: medium;\">Un espace mus\u00e9ographique et un salon de th\u00e9 sont \u00e0 disposition du visiteur pour une immersion dans l\u2019univers du fruit confit au c\u0153ur de la Provence.<\/span><\/p>\n<p style=\"text-align: center;\"><span style=\"font-size: medium;\">Dans cet univers alliant tradition, naturel et modernit\u00e9, <strong>LA MAISON DU FRUIT CONFIT <\/strong>est un v\u00e9ritable hymne \u00e0 la gastronomie proven\u00e7ale. Nous s\u00e9lectionnons et cr\u00e9ons chaque jour des produits d&rsquo;exception pour une escapade gourmande dans les rayons de l&rsquo;\u00e9picerie fine sucr\u00e9e proven\u00e7ale !<\/span><\/p>\n<p>[\/et_pb_text][\/et_pb_column][et_pb_column type=\u00a0\u00bb1_2&Prime; _builder_version=\u00a0\u00bb4.16&Prime; custom_padding=\u00a0\u00bb|||\u00a0\u00bb global_colors_info=\u00a0\u00bb{}\u00a0\u00bb custom_padding__hover=\u00a0\u00bb|||\u00a0\u00bb][et_pb_image src=\u00a0\u00bbhttps:\/\/www.aptunion.com\/wp-content\/uploads\/2023\/09\/Logo_LMFC.jpg\u00a0\u00bb title_text=\u00a0\u00bbLogo_LMFC\u00a0\u00bb _builder_version=\u00a0\u00bb4.22.1&Prime; _module_preset=\u00a0\u00bbdefault\u00a0\u00bb global_colors_info=\u00a0\u00bb{}\u00a0\u00bb][\/et_pb_image][\/et_pb_column][\/et_pb_row][\/et_pb_section][et_pb_section fb_built=\u00a0\u00bb1&Prime; _builder_version=\u00a0\u00bb4.21.0&Prime; _module_preset=\u00a0\u00bbdefault\u00a0\u00bb background_color=\u00a0\u00bb#d85366&Prime; max_height=\u00a0\u00bb100px\u00a0\u00bb global_colors_info=\u00a0\u00bb{}\u00a0\u00bb][et_pb_row _builder_version=\u00a0\u00bb4.21.0&Prime; _module_preset=\u00a0\u00bbdefault\u00a0\u00bb global_colors_info=\u00a0\u00bb{}\u00a0\u00bb][et_pb_column type=\u00a0\u00bb4_4&Prime; _builder_version=\u00a0\u00bb4.21.0&Prime; _module_preset=\u00a0\u00bbdefault\u00a0\u00bb global_colors_info=\u00a0\u00bb{}\u00a0\u00bb][\/et_pb_column][\/et_pb_row][\/et_pb_section]<\/p>\n","protected":false},"excerpt":{"rendered":"<p>NOTRE ACTIVIT\u00c9UN INDUSTRIEL PERFORMANT GARANT D&rsquo;UN H\u00c9RITAGE CULTURELSitu\u00e9 en Provence au c\u0153ur du Parc Naturel R\u00e9gional du Luberon, nous sommes le sp\u00e9cialiste de l\u2019inclusion gourmande pour les march\u00e9s de la biscuiterie, boulangerie, p\u00e2tisserie, confiserie, chocolaterie, snacking et de la glace. Appartenant au groupe fran\u00e7ais MIREOLIAN depuis Janvier 2015, notre si\u00e8ge social et nos trois usines [&hellip;]<\/p>\n","protected":false},"author":7,"featured_media":0,"parent":0,"menu_order":0,"comment_status":"closed","ping_status":"closed","template":"","meta":{"_et_pb_use_builder":"on","_et_pb_old_content":"","_et_gb_content_width":"","footnotes":""},"class_list":["post-3347","page","type-page","status-publish","hentry"],"yoast_head":"<!-- This site is optimized with the Yoast SEO plugin v27.1.1 - https:\/\/yoast.com\/product\/yoast-seo-wordpress\/ -->\n<title>Un industriel performant - Aptunion<\/title>\n<meta name=\"robots\" content=\"index, follow, max-snippet:-1, max-image-preview:large, max-video-preview:-1\" \/>\n<link rel=\"canonical\" href=\"https:\/\/www.aptunion.com\/fr\/un-industriel-performant\/\" \/>\n<meta property=\"og:locale\" content=\"fr_FR\" \/>\n<meta property=\"og:type\" content=\"article\" \/>\n<meta property=\"og:title\" content=\"Un industriel performant - Aptunion\" \/>\n<meta property=\"og:description\" content=\"NOTRE ACTIVIT\u00c9UN INDUSTRIEL PERFORMANT GARANT D&#039;UN H\u00c9RITAGE CULTURELSitu\u00e9 en Provence au c\u0153ur du Parc Naturel R\u00e9gional du Luberon, nous sommes le sp\u00e9cialiste de l\u2019inclusion gourmande pour les march\u00e9s de la biscuiterie, boulangerie, p\u00e2tisserie, confiserie, chocolaterie, snacking et de la glace. Appartenant au groupe fran\u00e7ais MIREOLIAN depuis Janvier 2015, notre si\u00e8ge social et nos trois usines [&hellip;]\" \/>\n<meta property=\"og:url\" content=\"https:\/\/www.aptunion.com\/fr\/un-industriel-performant\/\" \/>\n<meta property=\"og:site_name\" content=\"Aptunion\" \/>\n<meta property=\"article:modified_time\" content=\"2023-09-26T13:41:45+00:00\" \/>\n<meta name=\"twitter:card\" content=\"summary_large_image\" \/>\n<script type=\"application\/ld+json\" class=\"yoast-schema-graph\">{\"@context\":\"https:\/\/schema.org\",\"@graph\":[{\"@type\":\"WebPage\",\"@id\":\"https:\/\/www.aptunion.com\/fr\/un-industriel-performant\/\",\"url\":\"https:\/\/www.aptunion.com\/fr\/un-industriel-performant\/\",\"name\":\"Un industriel performant - Aptunion\",\"isPartOf\":{\"@id\":\"https:\/\/www.aptunion.com\/#website\"},\"datePublished\":\"2022-10-06T08:39:35+00:00\",\"dateModified\":\"2023-09-26T13:41:45+00:00\",\"breadcrumb\":{\"@id\":\"https:\/\/www.aptunion.com\/fr\/un-industriel-performant\/#breadcrumb\"},\"inLanguage\":\"fr-FR\",\"potentialAction\":[{\"@type\":\"ReadAction\",\"target\":[\"https:\/\/www.aptunion.com\/fr\/un-industriel-performant\/\"]}]},{\"@type\":\"BreadcrumbList\",\"@id\":\"https:\/\/www.aptunion.com\/fr\/un-industriel-performant\/#breadcrumb\",\"itemListElement\":[{\"@type\":\"ListItem\",\"position\":1,\"name\":\"Accueil\",\"item\":\"https:\/\/www.aptunion.com\/fr\/\"},{\"@type\":\"ListItem\",\"position\":2,\"name\":\"Un industriel performant\"}]},{\"@type\":\"WebSite\",\"@id\":\"https:\/\/www.aptunion.com\/#website\",\"url\":\"https:\/\/www.aptunion.com\/\",\"name\":\"Aptunion\",\"description\":\"Producteur d&#039;inclusions gourmandes\",\"publisher\":{\"@id\":\"https:\/\/www.aptunion.com\/#organization\"},\"potentialAction\":[{\"@type\":\"SearchAction\",\"target\":{\"@type\":\"EntryPoint\",\"urlTemplate\":\"https:\/\/www.aptunion.com\/?s={search_term_string}\"},\"query-input\":{\"@type\":\"PropertyValueSpecification\",\"valueRequired\":true,\"valueName\":\"search_term_string\"}}],\"inLanguage\":\"fr-FR\"},{\"@type\":\"Organization\",\"@id\":\"https:\/\/www.aptunion.com\/#organization\",\"name\":\"Aptunion Industrie\",\"alternateName\":\"Aptunion\",\"url\":\"https:\/\/www.aptunion.com\/\",\"logo\":{\"@type\":\"ImageObject\",\"inLanguage\":\"fr-FR\",\"@id\":\"https:\/\/www.aptunion.com\/#\/schema\/logo\/image\/\",\"url\":\"https:\/\/www.aptunion.com\/wp-content\/uploads\/2018\/06\/favicon-aptunion.png\",\"contentUrl\":\"https:\/\/www.aptunion.com\/wp-content\/uploads\/2018\/06\/favicon-aptunion.png\",\"width\":350,\"height\":350,\"caption\":\"Aptunion Industrie\"},\"image\":{\"@id\":\"https:\/\/www.aptunion.com\/#\/schema\/logo\/image\/\"}}]}<\/script>\n<!-- \/ Yoast SEO plugin. -->","yoast_head_json":{"title":"Un industriel performant - Aptunion","robots":{"index":"index","follow":"follow","max-snippet":"max-snippet:-1","max-image-preview":"max-image-preview:large","max-video-preview":"max-video-preview:-1"},"canonical":"https:\/\/www.aptunion.com\/fr\/un-industriel-performant\/","og_locale":"fr_FR","og_type":"article","og_title":"Un industriel performant - Aptunion","og_description":"NOTRE ACTIVIT\u00c9UN INDUSTRIEL PERFORMANT GARANT D'UN H\u00c9RITAGE CULTURELSitu\u00e9 en Provence au c\u0153ur du Parc Naturel R\u00e9gional du Luberon, nous sommes le sp\u00e9cialiste de l\u2019inclusion gourmande pour les march\u00e9s de la biscuiterie, boulangerie, p\u00e2tisserie, confiserie, chocolaterie, snacking et de la glace. Appartenant au groupe fran\u00e7ais MIREOLIAN depuis Janvier 2015, notre si\u00e8ge social et nos trois usines [&hellip;]","og_url":"https:\/\/www.aptunion.com\/fr\/un-industriel-performant\/","og_site_name":"Aptunion","article_modified_time":"2023-09-26T13:41:45+00:00","twitter_card":"summary_large_image","schema":{"@context":"https:\/\/schema.org","@graph":[{"@type":"WebPage","@id":"https:\/\/www.aptunion.com\/fr\/un-industriel-performant\/","url":"https:\/\/www.aptunion.com\/fr\/un-industriel-performant\/","name":"Un industriel performant - Aptunion","isPartOf":{"@id":"https:\/\/www.aptunion.com\/#website"},"datePublished":"2022-10-06T08:39:35+00:00","dateModified":"2023-09-26T13:41:45+00:00","breadcrumb":{"@id":"https:\/\/www.aptunion.com\/fr\/un-industriel-performant\/#breadcrumb"},"inLanguage":"fr-FR","potentialAction":[{"@type":"ReadAction","target":["https:\/\/www.aptunion.com\/fr\/un-industriel-performant\/"]}]},{"@type":"BreadcrumbList","@id":"https:\/\/www.aptunion.com\/fr\/un-industriel-performant\/#breadcrumb","itemListElement":[{"@type":"ListItem","position":1,"name":"Accueil","item":"https:\/\/www.aptunion.com\/fr\/"},{"@type":"ListItem","position":2,"name":"Un industriel performant"}]},{"@type":"WebSite","@id":"https:\/\/www.aptunion.com\/#website","url":"https:\/\/www.aptunion.com\/","name":"Aptunion","description":"Producteur d&#039;inclusions gourmandes","publisher":{"@id":"https:\/\/www.aptunion.com\/#organization"},"potentialAction":[{"@type":"SearchAction","target":{"@type":"EntryPoint","urlTemplate":"https:\/\/www.aptunion.com\/?s={search_term_string}"},"query-input":{"@type":"PropertyValueSpecification","valueRequired":true,"valueName":"search_term_string"}}],"inLanguage":"fr-FR"},{"@type":"Organization","@id":"https:\/\/www.aptunion.com\/#organization","name":"Aptunion Industrie","alternateName":"Aptunion","url":"https:\/\/www.aptunion.com\/","logo":{"@type":"ImageObject","inLanguage":"fr-FR","@id":"https:\/\/www.aptunion.com\/#\/schema\/logo\/image\/","url":"https:\/\/www.aptunion.com\/wp-content\/uploads\/2018\/06\/favicon-aptunion.png","contentUrl":"https:\/\/www.aptunion.com\/wp-content\/uploads\/2018\/06\/favicon-aptunion.png","width":350,"height":350,"caption":"Aptunion Industrie"},"image":{"@id":"https:\/\/www.aptunion.com\/#\/schema\/logo\/image\/"}}]}},"_links":{"self":[{"href":"https:\/\/www.aptunion.com\/fr\/wp-json\/wp\/v2\/pages\/3347","targetHints":{"allow":["GET"]}}],"collection":[{"href":"https:\/\/www.aptunion.com\/fr\/wp-json\/wp\/v2\/pages"}],"about":[{"href":"https:\/\/www.aptunion.com\/fr\/wp-json\/wp\/v2\/types\/page"}],"author":[{"embeddable":true,"href":"https:\/\/www.aptunion.com\/fr\/wp-json\/wp\/v2\/users\/7"}],"replies":[{"embeddable":true,"href":"https:\/\/www.aptunion.com\/fr\/wp-json\/wp\/v2\/comments?post=3347"}],"version-history":[{"count":8,"href":"https:\/\/www.aptunion.com\/fr\/wp-json\/wp\/v2\/pages\/3347\/revisions"}],"predecessor-version":[{"id":3728,"href":"https:\/\/www.aptunion.com\/fr\/wp-json\/wp\/v2\/pages\/3347\/revisions\/3728"}],"wp:attachment":[{"href":"https:\/\/www.aptunion.com\/fr\/wp-json\/wp\/v2\/media?parent=3347"}],"curies":[{"name":"wp","href":"https:\/\/api.w.org\/{rel}","templated":true}]}}